{"id":137599,"date":"2022-12-19T16:59:42","date_gmt":"2022-12-19T13:59:42","guid":{"rendered":"https:\/\/kingarms.ee\/product\/co2-pistole-45-mm-granulas-1911-bruni\/"},"modified":"2024-11-15T20:01:35","modified_gmt":"2024-11-15T17:01:35","slug":"co2-pistol-45mm-panellets-1911-bruni","status":"publish","type":"product","link":"https:\/\/kingarms.ee\/lv\/product\/co2-pistol-45mm-panellets-1911-bruni\/","title":{"rendered":"CO2 pistole 4,5 mm granulas 1911 [Bruni]"},"content":{"rendered":"","protected":false},"excerpt":{"rendered":"<p>CO2 pistole<br \/>\nCaliber 45mm<br \/>\nmun\u012bcijas t\u0113rauda granulas<br \/>\npolim\u0113ra r\u0101mis un met\u0101la slaids<br \/>\n\u0161autu muca (nav sitiena)<br \/>\nRot\u0113jo\u0161ais \u017eurn\u0101ls 6 + 6 k\u0101rtas<br \/>\nDro\u0161s un viens \u0161\u0101viens<br \/>\nCO2 nodal\u012bjums \u017eurn\u0101l\u0101<br \/>\ngarums 220 mm<br \/>\nSvars 810g<\/p>\n","protected":false},"featured_media":125940,"template":"","meta":{"_acf_changed":false},"product_brand":[],"product_cat":[1005],"product_tag":[],"class_list":{"0":"post-137599","1":"product","2":"type-product","3":"status-publish","4":"has-post-thumbnail","6":"product_cat-rokas-pistoles-lv","8":"first","9":"instock","10":"purchasable","11":"product-type-simple"},"acf":[],"_links":{"self":[{"href":"https:\/\/kingarms.ee\/lv\/wp-json\/wp\/v2\/product\/137599","targetHints":{"allow":["GET"]}}],"collection":[{"href":"https:\/\/kingarms.ee\/lv\/wp-json\/wp\/v2\/product"}],"about":[{"href":"https:\/\/kingarms.ee\/lv\/wp-json\/wp\/v2\/types\/product"}],"wp:featuredmedia":[{"embeddable":true,"href":"https:\/\/kingarms.ee\/lv\/wp-json\/wp\/v2\/media\/125940"}],"wp:attachment":[{"href":"https:\/\/kingarms.ee\/lv\/wp-json\/wp\/v2\/media?parent=137599"}],"wp:term":[{"taxonomy":"product_brand","embeddable":true,"href":"https:\/\/kingarms.ee\/lv\/wp-json\/wp\/v2\/product_brand?post=137599"},{"taxonomy":"product_cat","embeddable":true,"href":"https:\/\/kingarms.ee\/lv\/wp-json\/wp\/v2\/product_cat?post=137599"},{"taxonomy":"product_tag","embeddable":true,"href":"https:\/\/kingarms.ee\/lv\/wp-json\/wp\/v2\/product_tag?post=137599"}],"curies":[{"name":"wp","href":"https:\/\/api.w.org\/{rel}","templated":true}]}}