{"id":137611,"date":"2022-12-19T16:59:31","date_gmt":"2024-11-15T17:27:50","guid":{"rendered":"https:\/\/kingarms.ee\/product\/rokas-sanitera-zeleja-250-ml\/"},"modified":"2024-11-15T20:27:50","modified_gmt":"2024-11-15T17:27:50","slug":"rokas-saniser-gel-250-ml","status":"publish","type":"product","link":"https:\/\/kingarms.ee\/lv\/product\/rokas-saniser-gel-250-ml\/","title":{"rendered":"Rokas sanitera \u017eeleja 250 ml"},"content":{"rendered":"","protected":false},"excerpt":{"rendered":"<p>Rokas sanitera \u017eeleja 250 ml<\/p>\n<p>roku un \u0101das dezinfekcija<br \/>\nGatavs risin\u0101jums<br \/>\nsast\u0101v no \u013coti koncentr\u0113ta, denatur\u0113ta etanola<\/p>\n","protected":false},"featured_media":126020,"template":"","meta":{"_acf_changed":false},"product_brand":[],"product_cat":[1119],"product_tag":[],"class_list":{"0":"post-137611","1":"product","2":"type-product","3":"status-publish","4":"has-post-thumbnail","6":"product_cat-celojumu-preces","8":"first","9":"instock","10":"purchasable","11":"product-type-simple"},"acf":[],"_links":{"self":[{"href":"https:\/\/kingarms.ee\/lv\/wp-json\/wp\/v2\/product\/137611","targetHints":{"allow":["GET"]}}],"collection":[{"href":"https:\/\/kingarms.ee\/lv\/wp-json\/wp\/v2\/product"}],"about":[{"href":"https:\/\/kingarms.ee\/lv\/wp-json\/wp\/v2\/types\/product"}],"wp:featuredmedia":[{"embeddable":true,"href":"https:\/\/kingarms.ee\/lv\/wp-json\/wp\/v2\/media\/126020"}],"wp:attachment":[{"href":"https:\/\/kingarms.ee\/lv\/wp-json\/wp\/v2\/media?parent=137611"}],"wp:term":[{"taxonomy":"product_brand","embeddable":true,"href":"https:\/\/kingarms.ee\/lv\/wp-json\/wp\/v2\/product_brand?post=137611"},{"taxonomy":"product_cat","embeddable":true,"href":"https:\/\/kingarms.ee\/lv\/wp-json\/wp\/v2\/product_cat?post=137611"},{"taxonomy":"product_tag","embeddable":true,"href":"https:\/\/kingarms.ee\/lv\/wp-json\/wp\/v2\/product_tag?post=137611"}],"curies":[{"name":"wp","href":"https:\/\/api.w.org\/{rel}","templated":true}]}}