{"id":137617,"date":"2022-12-19T16:59:31","date_gmt":"2024-11-15T17:35:15","guid":{"rendered":"https:\/\/kingarms.ee\/product\/apavu-laku-komplekts\/"},"modified":"2024-11-15T20:35:15","modified_gmt":"2024-11-15T17:35:15","slug":"apavu-karba","status":"publish","type":"product","link":"https:\/\/kingarms.ee\/lv\/product\/apavu-karba\/","title":{"rendered":"Apavu laku komplekts"},"content":{"rendered":"","protected":false},"excerpt":{"rendered":"<p>mazs un kompakts komplekts, kas sast\u0101v no:<br \/>\n2 sukas<br \/>\n2 apavu pul\u0113\u0161anas l\u012bdzek\u013ci (1 x melns, 1 x bezkr\u0101sains)<br \/>\nt\u012br\u012b\u0161anas audums<\/p>\n","protected":false},"featured_media":125986,"template":"","meta":{"_acf_changed":false},"product_brand":[],"product_cat":[1075,1072],"product_tag":[],"class_list":{"0":"post-137617","1":"product","2":"type-product","3":"status-publish","4":"has-post-thumbnail","6":"product_cat-clothes-footwear-lv","7":"product_cat-zabaki","9":"first","10":"instock","11":"purchasable","12":"product-type-simple"},"acf":[],"_links":{"self":[{"href":"https:\/\/kingarms.ee\/lv\/wp-json\/wp\/v2\/product\/137617","targetHints":{"allow":["GET"]}}],"collection":[{"href":"https:\/\/kingarms.ee\/lv\/wp-json\/wp\/v2\/product"}],"about":[{"href":"https:\/\/kingarms.ee\/lv\/wp-json\/wp\/v2\/types\/product"}],"wp:featuredmedia":[{"embeddable":true,"href":"https:\/\/kingarms.ee\/lv\/wp-json\/wp\/v2\/media\/125986"}],"wp:attachment":[{"href":"https:\/\/kingarms.ee\/lv\/wp-json\/wp\/v2\/media?parent=137617"}],"wp:term":[{"taxonomy":"product_brand","embeddable":true,"href":"https:\/\/kingarms.ee\/lv\/wp-json\/wp\/v2\/product_brand?post=137617"},{"taxonomy":"product_cat","embeddable":true,"href":"https:\/\/kingarms.ee\/lv\/wp-json\/wp\/v2\/product_cat?post=137617"},{"taxonomy":"product_tag","embeddable":true,"href":"https:\/\/kingarms.ee\/lv\/wp-json\/wp\/v2\/product_tag?post=137617"}],"curies":[{"name":"wp","href":"https:\/\/api.w.org\/{rel}","templated":true}]}}