{"id":137622,"date":"2022-12-19T16:59:31","date_gmt":"2024-11-16T13:41:14","guid":{"rendered":"https:\/\/kingarms.ee\/product\/plecu-maksts-karaliskais\/"},"modified":"2024-11-16T16:41:14","modified_gmt":"2024-11-16T13:41:14","slug":"plecu-holstera-royal","status":"publish","type":"product","link":"https:\/\/kingarms.ee\/lv\/product\/plecu-holstera-royal\/","title":{"rendered":"Plecu maksts karaliskais"},"content":{"rendered":"","protected":false},"excerpt":{"rendered":"<p>Plecu maksts karaliskais<\/p>\n<p>Cordura pleca maksts<br \/>\nUniveral maci\u0146\u0161 ar pogas sl\u0113g\u0161anu<br \/>\nPiel\u0101gojumi, izmantojot Velcro un viena \u017eurn\u0101la maisi\u0146u ar Velcro aizdari<br \/>\ndubult\u0101 \u017eurn\u0101la maisi\u0146\u0161 ar Velcro aizdari pret\u0113j\u0101 pus\u0113<br \/>\nregul\u0113jama piem\u0113rot\u012bba<br \/>\nit\u0101\u013cu camo kr\u0101sa<\/p>\n","protected":false},"featured_media":128369,"template":"","meta":{"_acf_changed":false},"product_brand":[],"product_cat":[1026],"product_tag":[],"class_list":{"0":"post-137622","1":"product","2":"type-product","3":"status-publish","4":"has-post-thumbnail","6":"product_cat-barkstisti","8":"first","9":"instock","10":"purchasable","11":"product-type-simple"},"acf":[],"_links":{"self":[{"href":"https:\/\/kingarms.ee\/lv\/wp-json\/wp\/v2\/product\/137622","targetHints":{"allow":["GET"]}}],"collection":[{"href":"https:\/\/kingarms.ee\/lv\/wp-json\/wp\/v2\/product"}],"about":[{"href":"https:\/\/kingarms.ee\/lv\/wp-json\/wp\/v2\/types\/product"}],"wp:featuredmedia":[{"embeddable":true,"href":"https:\/\/kingarms.ee\/lv\/wp-json\/wp\/v2\/media\/128369"}],"wp:attachment":[{"href":"https:\/\/kingarms.ee\/lv\/wp-json\/wp\/v2\/media?parent=137622"}],"wp:term":[{"taxonomy":"product_brand","embeddable":true,"href":"https:\/\/kingarms.ee\/lv\/wp-json\/wp\/v2\/product_brand?post=137622"},{"taxonomy":"product_cat","embeddable":true,"href":"https:\/\/kingarms.ee\/lv\/wp-json\/wp\/v2\/product_cat?post=137622"},{"taxonomy":"product_tag","embeddable":true,"href":"https:\/\/kingarms.ee\/lv\/wp-json\/wp\/v2\/product_tag?post=137622"}],"curies":[{"name":"wp","href":"https:\/\/api.w.org\/{rel}","templated":true}]}}