{"id":137630,"date":"2022-11-28T18:52:07","date_gmt":"2024-11-16T14:20:20","guid":{"rendered":"https:\/\/kingarms.ee\/product\/bc26r-led-lukturis-fenix\/"},"modified":"2024-11-16T17:20:20","modified_gmt":"2024-11-16T14:20:20","slug":"bc26r-led-flashlight-fenix","status":"publish","type":"product","link":"https:\/\/kingarms.ee\/lv\/product\/bc26r-led-flashlight-fenix\/","title":{"rendered":"BC26R LED lukturis fenix"},"content":{"rendered":"","protected":false},"excerpt":{"rendered":"<p>BC26R LED luktur\u012b\u0161a fenix Fenix BC26R ir velosip\u0113du luktur\u012btis ar pla\u0161u 1600 l\u016bmena jaudu, kas apr\u012bkota ar ietilp\u012bgu ARB-L21 5000 mAh akumulatoru, USB-C \u0101tras uzl\u0101des portu, vienotu pogu, lai to \u0113rti vad\u012btu, un \u0101tras atbr\u012bvo\u0161anas meh\u0101nismam no st\u016bres. Fenix BC26R ir uzticama gaisma, kas labi darbosies gan pils\u0113t\u0101, gan kalnu tuksnes\u012b.<\/p>\n","protected":false},"featured_media":125678,"template":"","meta":{"_acf_changed":false},"product_brand":[],"product_cat":[1037],"product_tag":[],"class_list":{"0":"post-137630","1":"product","2":"type-product","3":"status-publish","4":"has-post-thumbnail","6":"product_cat-lukturisi","8":"first","9":"instock","10":"purchasable","11":"product-type-simple"},"acf":[],"_links":{"self":[{"href":"https:\/\/kingarms.ee\/lv\/wp-json\/wp\/v2\/product\/137630","targetHints":{"allow":["GET"]}}],"collection":[{"href":"https:\/\/kingarms.ee\/lv\/wp-json\/wp\/v2\/product"}],"about":[{"href":"https:\/\/kingarms.ee\/lv\/wp-json\/wp\/v2\/types\/product"}],"wp:featuredmedia":[{"embeddable":true,"href":"https:\/\/kingarms.ee\/lv\/wp-json\/wp\/v2\/media\/125678"}],"wp:attachment":[{"href":"https:\/\/kingarms.ee\/lv\/wp-json\/wp\/v2\/media?parent=137630"}],"wp:term":[{"taxonomy":"product_brand","embeddable":true,"href":"https:\/\/kingarms.ee\/lv\/wp-json\/wp\/v2\/product_brand?post=137630"},{"taxonomy":"product_cat","embeddable":true,"href":"https:\/\/kingarms.ee\/lv\/wp-json\/wp\/v2\/product_cat?post=137630"},{"taxonomy":"product_tag","embeddable":true,"href":"https:\/\/kingarms.ee\/lv\/wp-json\/wp\/v2\/product_tag?post=137630"}],"curies":[{"name":"wp","href":"https:\/\/api.w.org\/{rel}","templated":true}]}}