{"id":137631,"date":"2022-11-28T18:52:07","date_gmt":"2024-11-16T14:24:05","guid":{"rendered":"https:\/\/kingarms.ee\/product\/uc35-v2-0-led-lukturitis-fenix\/"},"modified":"2024-11-16T17:24:05","modified_gmt":"2024-11-16T14:24:05","slug":"uc35-v2-0-led-flashlight-fenix","status":"publish","type":"product","link":"https:\/\/kingarms.ee\/lv\/product\/uc35-v2-0-led-flashlight-fenix\/","title":{"rendered":"UC35 V2.0 LED luktur\u012btis fenix"},"content":{"rendered":"","protected":false},"excerpt":{"rendered":"<p>UC35 V2.0 LED luktur\u012btis fenix<\/p>\n<p>Fenix UC35 V2.0 p\u0113c nesen\u0101 jaunin\u0101\u0161anas ir jaud\u012bg\u0101ka 1000 l\u016bmenu gaismas jauda, liel\u0101ks 266 m diapazons, USB l\u0101d\u0113\u0161anas ports un 3400 mAh 18650 akumulators.<\/p>\n<p>Fenix UC35 v2.0 ir jauna, jaud\u012bg\u0101ka popul\u0101r\u0101 UC35 taktisk\u0101 luktur\u012b\u0161a versija milit\u0101riem, policijas un \u0101ra lietojumiem.<\/p>\n","protected":false},"featured_media":125622,"template":"","meta":{"_acf_changed":false},"product_brand":[],"product_cat":[1037],"product_tag":[],"class_list":{"0":"post-137631","1":"product","2":"type-product","3":"status-publish","4":"has-post-thumbnail","6":"product_cat-lukturisi","8":"first","9":"instock","10":"purchasable","11":"product-type-simple"},"acf":[],"_links":{"self":[{"href":"https:\/\/kingarms.ee\/lv\/wp-json\/wp\/v2\/product\/137631","targetHints":{"allow":["GET"]}}],"collection":[{"href":"https:\/\/kingarms.ee\/lv\/wp-json\/wp\/v2\/product"}],"about":[{"href":"https:\/\/kingarms.ee\/lv\/wp-json\/wp\/v2\/types\/product"}],"wp:featuredmedia":[{"embeddable":true,"href":"https:\/\/kingarms.ee\/lv\/wp-json\/wp\/v2\/media\/125622"}],"wp:attachment":[{"href":"https:\/\/kingarms.ee\/lv\/wp-json\/wp\/v2\/media?parent=137631"}],"wp:term":[{"taxonomy":"product_brand","embeddable":true,"href":"https:\/\/kingarms.ee\/lv\/wp-json\/wp\/v2\/product_brand?post=137631"},{"taxonomy":"product_cat","embeddable":true,"href":"https:\/\/kingarms.ee\/lv\/wp-json\/wp\/v2\/product_cat?post=137631"},{"taxonomy":"product_tag","embeddable":true,"href":"https:\/\/kingarms.ee\/lv\/wp-json\/wp\/v2\/product_tag?post=137631"}],"curies":[{"name":"wp","href":"https:\/\/api.w.org\/{rel}","templated":true}]}}