{"id":137633,"date":"2022-11-28T18:52:07","date_gmt":"2024-11-16T14:30:31","guid":{"rendered":"https:\/\/kingarms.ee\/product\/multitool-ganzo\/"},"modified":"2024-11-16T17:30:31","modified_gmt":"2024-11-16T14:30:31","slug":"multitool-ganzo","status":"publish","type":"product","link":"https:\/\/kingarms.ee\/lv\/product\/multitool-ganzo\/","title":{"rendered":"Multitool Ganzo"},"content":{"rendered":"","protected":false},"excerpt":{"rendered":"<p>Multitool Ganzo multitool funkcijas un r\u012bki:<br \/>\nAr pavasari ar pavasar\u012b iel\u0101d\u0113t\u0101m knaibles,<br \/>\nstiep\u013cu griez\u0113js,<br \/>\nliels gludais asmens,<br \/>\nLiela sakr\u0101ta asmens,<br \/>\nKoka z\u0101\u0123is,<br \/>\n\u0161\u0137\u0113res,<br \/>\npude\u013cu atv\u0113r\u0113js,<br \/>\nvar atkl\u0101t,<br \/>\nFlathead skr\u016bvgriezis,<br \/>\nawl ar asu malu,<br \/>\nbitu iestat\u012b\u0161anas roka,<br \/>\n5 Allens biti,<br \/>\n3 plakani biti,<br \/>\n3 Phillips Bits.<\/p>\n","protected":false},"featured_media":125612,"template":"","meta":{"_acf_changed":false},"product_brand":[],"product_cat":[991,1117,1115],"product_tag":[],"class_list":{"0":"post-137633","1":"product","2":"type-product","3":"status-publish","4":"has-post-thumbnail","6":"product_cat-nazi","7":"product_cat-celojuma-nazi","8":"product_cat-nazi-atzarosanas-zagis","10":"first","11":"instock","12":"purchasable","13":"product-type-simple"},"acf":[],"_links":{"self":[{"href":"https:\/\/kingarms.ee\/lv\/wp-json\/wp\/v2\/product\/137633","targetHints":{"allow":["GET"]}}],"collection":[{"href":"https:\/\/kingarms.ee\/lv\/wp-json\/wp\/v2\/product"}],"about":[{"href":"https:\/\/kingarms.ee\/lv\/wp-json\/wp\/v2\/types\/product"}],"wp:featuredmedia":[{"embeddable":true,"href":"https:\/\/kingarms.ee\/lv\/wp-json\/wp\/v2\/media\/125612"}],"wp:attachment":[{"href":"https:\/\/kingarms.ee\/lv\/wp-json\/wp\/v2\/media?parent=137633"}],"wp:term":[{"taxonomy":"product_brand","embeddable":true,"href":"https:\/\/kingarms.ee\/lv\/wp-json\/wp\/v2\/product_brand?post=137633"},{"taxonomy":"product_cat","embeddable":true,"href":"https:\/\/kingarms.ee\/lv\/wp-json\/wp\/v2\/product_cat?post=137633"},{"taxonomy":"product_tag","embeddable":true,"href":"https:\/\/kingarms.ee\/lv\/wp-json\/wp\/v2\/product_tag?post=137633"}],"curies":[{"name":"wp","href":"https:\/\/api.w.org\/{rel}","templated":true}]}}