{"id":137637,"date":"2022-11-21T16:13:33","date_gmt":"2024-11-16T15:29:37","guid":{"rendered":"https:\/\/kingarms.ee\/product\/jaka-multicam-js-tactical\/"},"modified":"2024-11-16T18:29:37","modified_gmt":"2024-11-16T15:29:37","slug":"jaka-multicam-js-tactical","status":"publish","type":"product","link":"https:\/\/kingarms.ee\/lv\/product\/jaka-multicam-js-tactical\/","title":{"rendered":"Jaka multicam js-tactical"},"content":{"rendered":"","protected":false},"excerpt":{"rendered":"<p>Jaka multicam js-tactical<\/p>\n<p>Softshell jaka.<br \/>\nHaizivju \u0101das modelis.<br \/>\nVersija ar pl\u012b\u0161a interjeru.<br \/>\nPretvinda un pret\u016bde\u0146u \u0101rst\u0113\u0161ana.<br \/>\n100% poliestera \u0161\u0137iedra.<br \/>\nSl\u0113pts kapuci.<br \/>\nZIP sl\u0113g\u0161ana.<br \/>\n2 priek\u0161\u0113j\u0101s kabatas.<br \/>\n1 kabata ar dubultu atveri aizmugur\u0113.<br \/>\nKabata un velcro uz katras piedurknes.<br \/>\nPiel\u0101gojama aproce.<br \/>\nAtveres ventil\u0101cijai uz s\u0101niem.<\/p>\n","protected":false},"featured_media":125536,"template":"","meta":{"_acf_changed":false},"product_brand":[],"product_cat":[1071],"product_tag":[],"class_list":{"0":"post-137637","1":"product","2":"type-product","3":"status-publish","4":"has-post-thumbnail","6":"product_cat-apvalks","8":"first","9":"instock","10":"sale","11":"taxable","12":"shipping-taxable","13":"purchasable","14":"product-type-simple"},"acf":[],"_links":{"self":[{"href":"https:\/\/kingarms.ee\/lv\/wp-json\/wp\/v2\/product\/137637","targetHints":{"allow":["GET"]}}],"collection":[{"href":"https:\/\/kingarms.ee\/lv\/wp-json\/wp\/v2\/product"}],"about":[{"href":"https:\/\/kingarms.ee\/lv\/wp-json\/wp\/v2\/types\/product"}],"wp:featuredmedia":[{"embeddable":true,"href":"https:\/\/kingarms.ee\/lv\/wp-json\/wp\/v2\/media\/125536"}],"wp:attachment":[{"href":"https:\/\/kingarms.ee\/lv\/wp-json\/wp\/v2\/media?parent=137637"}],"wp:term":[{"taxonomy":"product_brand","embeddable":true,"href":"https:\/\/kingarms.ee\/lv\/wp-json\/wp\/v2\/product_brand?post=137637"},{"taxonomy":"product_cat","embeddable":true,"href":"https:\/\/kingarms.ee\/lv\/wp-json\/wp\/v2\/product_cat?post=137637"},{"taxonomy":"product_tag","embeddable":true,"href":"https:\/\/kingarms.ee\/lv\/wp-json\/wp\/v2\/product_tag?post=137637"}],"curies":[{"name":"wp","href":"https:\/\/api.w.org\/{rel}","templated":true}]}}