{"id":137668,"date":"2022-11-14T16:49:08","date_gmt":"2024-11-16T16:12:11","guid":{"rendered":"https:\/\/kingarms.ee\/product\/aeg-phantom-extremis-mk-i-aps\/"},"modified":"2024-11-16T19:12:11","modified_gmt":"2024-11-16T16:12:11","slug":"aeg-phantom-extremis-mk-i-i-aps","status":"publish","type":"product","link":"https:\/\/kingarms.ee\/lv\/product\/aeg-phantom-extremis-mk-i-i-aps\/","title":{"rendered":"AEG Phantom Extremis MK-I APS"},"content":{"rendered":"","protected":false},"excerpt":{"rendered":"<p>AEG Phantom Extremis MK-I APS<\/p>\n<p>Pilns met\u0101la korpuss<br \/>\nEVO Tech 3,0 10 collu M-Lok roku sargs ar 7 slotu<br \/>\n300 k\u0101rtas \u017eurn\u0101ls<br \/>\nElektriskais sitiens atpaka\u013c<br \/>\nambidextrous dizains<br \/>\nievelkams RS-2 kr\u0101jums<br \/>\nFlip-Up apskates objekti<br \/>\nsudraba malas p\u0101rnesumk\u0101rba<br \/>\ngarums 840mm-920 mm<br \/>\nWeigth 2650g<\/p>\n","protected":false},"featured_media":125292,"template":"","meta":{"_acf_changed":false},"product_brand":[],"product_cat":[1001],"product_tag":[],"class_list":{"0":"post-137668","1":"product","2":"type-product","3":"status-publish","4":"has-post-thumbnail","6":"product_cat-tirdzniecibas-automati","8":"first","9":"onbackorder","10":"product-type-simple"},"acf":[],"_links":{"self":[{"href":"https:\/\/kingarms.ee\/lv\/wp-json\/wp\/v2\/product\/137668","targetHints":{"allow":["GET"]}}],"collection":[{"href":"https:\/\/kingarms.ee\/lv\/wp-json\/wp\/v2\/product"}],"about":[{"href":"https:\/\/kingarms.ee\/lv\/wp-json\/wp\/v2\/types\/product"}],"wp:featuredmedia":[{"embeddable":true,"href":"https:\/\/kingarms.ee\/lv\/wp-json\/wp\/v2\/media\/125292"}],"wp:attachment":[{"href":"https:\/\/kingarms.ee\/lv\/wp-json\/wp\/v2\/media?parent=137668"}],"wp:term":[{"taxonomy":"product_brand","embeddable":true,"href":"https:\/\/kingarms.ee\/lv\/wp-json\/wp\/v2\/product_brand?post=137668"},{"taxonomy":"product_cat","embeddable":true,"href":"https:\/\/kingarms.ee\/lv\/wp-json\/wp\/v2\/product_cat?post=137668"},{"taxonomy":"product_tag","embeddable":true,"href":"https:\/\/kingarms.ee\/lv\/wp-json\/wp\/v2\/product_tag?post=137668"}],"curies":[{"name":"wp","href":"https:\/\/api.w.org\/{rel}","templated":true}]}}