{"id":137684,"date":"2022-11-14T16:48:58","date_gmt":"2024-11-16T16:42:18","guid":{"rendered":"https:\/\/kingarms.ee\/product\/saliktais-prieksgala-40-55-marcinas\/"},"modified":"2025-08-03T16:31:51","modified_gmt":"2025-08-03T13:31:51","slug":"salikta-bow-40-55-lbs","status":"publish","type":"product","link":"https:\/\/kingarms.ee\/lv\/product\/salikta-bow-40-55-lbs\/","title":{"rendered":"Saliktais priek\u0161gala 40-55 m\u0101rci\u0146as"},"content":{"rendered":"","protected":false},"excerpt":{"rendered":"<p>Saliktais priek\u0161gala 40-55 m\u0101rci\u0146as<\/p>\n<p>Salikts priek\u0161gala<br \/>\nPiel\u0101gojams vilk\u0161anas svars no 40 l\u012bdz 55 m\u0101rci\u0146\u0101m<br \/>\n\u0101trums 310 kadri sekund\u0113<br \/>\nUzz\u012bm\u0113jiet garumu 24\u201329,5 collas<br \/>\nBik\u0161tura augstums 7,3 collas<br \/>\nIzm\u0113ri CM 93X33X6,5<br \/>\nSvars 1,7 kg<br \/>\nTikai lab\u0101s rokas<\/p>\n","protected":false},"featured_media":125274,"template":"","meta":{"_acf_changed":false},"product_brand":[],"product_cat":[1018],"product_tag":[],"class_list":{"0":"post-137684","1":"product","2":"type-product","3":"status-publish","4":"has-post-thumbnail","6":"product_cat-loki","8":"first","9":"instock","10":"sale","11":"purchasable","12":"product-type-simple"},"acf":[],"_links":{"self":[{"href":"https:\/\/kingarms.ee\/lv\/wp-json\/wp\/v2\/product\/137684","targetHints":{"allow":["GET"]}}],"collection":[{"href":"https:\/\/kingarms.ee\/lv\/wp-json\/wp\/v2\/product"}],"about":[{"href":"https:\/\/kingarms.ee\/lv\/wp-json\/wp\/v2\/types\/product"}],"wp:featuredmedia":[{"embeddable":true,"href":"https:\/\/kingarms.ee\/lv\/wp-json\/wp\/v2\/media\/125274"}],"wp:attachment":[{"href":"https:\/\/kingarms.ee\/lv\/wp-json\/wp\/v2\/media?parent=137684"}],"wp:term":[{"taxonomy":"product_brand","embeddable":true,"href":"https:\/\/kingarms.ee\/lv\/wp-json\/wp\/v2\/product_brand?post=137684"},{"taxonomy":"product_cat","embeddable":true,"href":"https:\/\/kingarms.ee\/lv\/wp-json\/wp\/v2\/product_cat?post=137684"},{"taxonomy":"product_tag","embeddable":true,"href":"https:\/\/kingarms.ee\/lv\/wp-json\/wp\/v2\/product_tag?post=137684"}],"curies":[{"name":"wp","href":"https:\/\/api.w.org\/{rel}","templated":true}]}}