{"id":137696,"date":"2022-11-14T16:48:58","date_gmt":"2024-11-18T08:52:40","guid":{"rendered":"https:\/\/kingarms.ee\/product\/lietderibas-maisins-karalisks\/"},"modified":"2025-08-03T16:36:10","modified_gmt":"2025-08-03T13:36:10","slug":"lietderiba","status":"publish","type":"product","link":"https:\/\/kingarms.ee\/lv\/product\/lietderiba\/","title":{"rendered":"Lietder\u012bbas maisi\u0146\u0161 karalisks"},"content":{"rendered":"","protected":false},"excerpt":{"rendered":"<p>Lietder\u012bbas maisi\u0146\u0161 karalisks<\/p>\n<p>Lietder\u012bbas maisi\u0146\u0161<br \/>\nmolle sist\u0113ma<br \/>\nr\u0101v\u0113jsl\u0113dz\u0113ja aizv\u0113r\u0161ana un priek\u0161\u0113j\u0101 veltro kabata<\/p>\n","protected":false},"featured_media":125288,"template":"","meta":{"_acf_changed":false},"product_brand":[],"product_cat":[1104,1098],"product_tag":[],"class_list":{"0":"post-137696","1":"product","2":"type-product","3":"status-publish","4":"has-post-thumbnail","6":"product_cat-kabatas","7":"product_cat-maisini-somas-un-siksnas","9":"first","10":"instock","11":"sale","12":"purchasable","13":"product-type-simple"},"acf":[],"_links":{"self":[{"href":"https:\/\/kingarms.ee\/lv\/wp-json\/wp\/v2\/product\/137696","targetHints":{"allow":["GET"]}}],"collection":[{"href":"https:\/\/kingarms.ee\/lv\/wp-json\/wp\/v2\/product"}],"about":[{"href":"https:\/\/kingarms.ee\/lv\/wp-json\/wp\/v2\/types\/product"}],"wp:featuredmedia":[{"embeddable":true,"href":"https:\/\/kingarms.ee\/lv\/wp-json\/wp\/v2\/media\/125288"}],"wp:attachment":[{"href":"https:\/\/kingarms.ee\/lv\/wp-json\/wp\/v2\/media?parent=137696"}],"wp:term":[{"taxonomy":"product_brand","embeddable":true,"href":"https:\/\/kingarms.ee\/lv\/wp-json\/wp\/v2\/product_brand?post=137696"},{"taxonomy":"product_cat","embeddable":true,"href":"https:\/\/kingarms.ee\/lv\/wp-json\/wp\/v2\/product_cat?post=137696"},{"taxonomy":"product_tag","embeddable":true,"href":"https:\/\/kingarms.ee\/lv\/wp-json\/wp\/v2\/product_tag?post=137696"}],"curies":[{"name":"wp","href":"https:\/\/api.w.org\/{rel}","templated":true}]}}