{"id":137717,"date":"2022-11-14T16:48:50","date_gmt":"2024-11-18T09:19:13","guid":{"rendered":"https:\/\/kingarms.ee\/product\/cnc-spruda-ar15-tipi-modifice\/"},"modified":"2025-08-03T16:52:23","modified_gmt":"2025-08-03T13:52:23","slug":"cnc-trigger-ar15-tipa-modificets","status":"publish","type":"product","link":"https:\/\/kingarms.ee\/lv\/product\/cnc-trigger-ar15-tipa-modificets\/","title":{"rendered":"CNC Spr\u016bda AR15 Tipi modific\u0113"},"content":{"rendered":"","protected":false},"excerpt":{"rendered":"<p>CNC Spr\u016bda AR15 Tipi modific\u0113<\/p>\n<p>Spr\u016bda Tipa s<br \/>\nAnod\u0113na alum\u012bnija Dural en AW 7075 B\u016bvniecieBa<br \/>\nIzgatavots ar cnc Ma\u0161\u012bn\u0101m<br \/>\nStandarta atbildes Spr\u016bda<br \/>\nParadz\u0113ts 2. Versija<\/p>\n","protected":false},"featured_media":125338,"template":"","meta":{"_acf_changed":false},"product_brand":[],"product_cat":[1107],"product_tag":[],"class_list":{"0":"post-137717","1":"product","2":"type-product","3":"status-publish","4":"has-post-thumbnail","6":"product_cat-noregulesana","8":"first","9":"instock","10":"purchasable","11":"product-type-simple"},"acf":[],"_links":{"self":[{"href":"https:\/\/kingarms.ee\/lv\/wp-json\/wp\/v2\/product\/137717","targetHints":{"allow":["GET"]}}],"collection":[{"href":"https:\/\/kingarms.ee\/lv\/wp-json\/wp\/v2\/product"}],"about":[{"href":"https:\/\/kingarms.ee\/lv\/wp-json\/wp\/v2\/types\/product"}],"wp:featuredmedia":[{"embeddable":true,"href":"https:\/\/kingarms.ee\/lv\/wp-json\/wp\/v2\/media\/125338"}],"wp:attachment":[{"href":"https:\/\/kingarms.ee\/lv\/wp-json\/wp\/v2\/media?parent=137717"}],"wp:term":[{"taxonomy":"product_brand","embeddable":true,"href":"https:\/\/kingarms.ee\/lv\/wp-json\/wp\/v2\/product_brand?post=137717"},{"taxonomy":"product_cat","embeddable":true,"href":"https:\/\/kingarms.ee\/lv\/wp-json\/wp\/v2\/product_cat?post=137717"},{"taxonomy":"product_tag","embeddable":true,"href":"https:\/\/kingarms.ee\/lv\/wp-json\/wp\/v2\/product_tag?post=137717"}],"curies":[{"name":"wp","href":"https:\/\/api.w.org\/{rel}","templated":true}]}}