{"id":137732,"date":"2022-11-14T16:48:42","date_gmt":"2024-11-18T09:43:00","guid":{"rendered":"https:\/\/kingarms.ee\/product\/cnc-spruda-ar15-burtiska-gaismas-modifikacija\/"},"modified":"2025-08-03T17:03:31","modified_gmt":"2025-08-03T14:03:31","slug":"cnc-trigger-ar15-tipa-gaismas-modificesana","status":"publish","type":"product","link":"https:\/\/kingarms.ee\/lv\/product\/cnc-trigger-ar15-tipa-gaismas-modificesana\/","title":{"rendered":"CNC spr\u016bda AR15 burtiska gaismas modifik\u0101cija"},"content":{"rendered":"","protected":false},"excerpt":{"rendered":"<p>CNC spr\u016bda AR15 burtiska gaismas modifik\u0101cija<\/p>\n<p>Spr\u016bda tips F<br \/>\nanod\u0113ta alum\u012bnija dural en aw 7075 b\u016bvniec\u012bba<br \/>\nIzgatavots ar CNC ma\u0161\u012bn\u0101m<br \/>\nStandarta atbildes spr\u016bda<br \/>\nParedz\u0113ts 2. versijas p\u0101rnesumk\u0101rbu ar Tokijas Marui standartu<\/p>\n","protected":false},"featured_media":125378,"template":"","meta":{"_acf_changed":false},"product_brand":[],"product_cat":[1107],"product_tag":[],"class_list":{"0":"post-137732","1":"product","2":"type-product","3":"status-publish","4":"has-post-thumbnail","6":"product_cat-noregulesana","8":"first","9":"instock","10":"purchasable","11":"product-type-simple"},"acf":[],"_links":{"self":[{"href":"https:\/\/kingarms.ee\/lv\/wp-json\/wp\/v2\/product\/137732","targetHints":{"allow":["GET"]}}],"collection":[{"href":"https:\/\/kingarms.ee\/lv\/wp-json\/wp\/v2\/product"}],"about":[{"href":"https:\/\/kingarms.ee\/lv\/wp-json\/wp\/v2\/types\/product"}],"wp:featuredmedia":[{"embeddable":true,"href":"https:\/\/kingarms.ee\/lv\/wp-json\/wp\/v2\/media\/125378"}],"wp:attachment":[{"href":"https:\/\/kingarms.ee\/lv\/wp-json\/wp\/v2\/media?parent=137732"}],"wp:term":[{"taxonomy":"product_brand","embeddable":true,"href":"https:\/\/kingarms.ee\/lv\/wp-json\/wp\/v2\/product_brand?post=137732"},{"taxonomy":"product_cat","embeddable":true,"href":"https:\/\/kingarms.ee\/lv\/wp-json\/wp\/v2\/product_cat?post=137732"},{"taxonomy":"product_tag","embeddable":true,"href":"https:\/\/kingarms.ee\/lv\/wp-json\/wp\/v2\/product_tag?post=137732"}],"curies":[{"name":"wp","href":"https:\/\/api.w.org\/{rel}","templated":true}]}}