{"id":137737,"date":"2022-11-14T16:48:42","date_gmt":"2024-11-18T09:51:01","guid":{"rendered":"https:\/\/kingarms.ee\/product\/cnc-aktitive-ak-pida-c-modifikakiju\/"},"modified":"2025-08-03T17:04:59","modified_gmt":"2025-08-03T14:04:59","slug":"cnc-trigger-ak-type-cmodify-2","status":"publish","type":"product","link":"https:\/\/kingarms.ee\/lv\/product\/cnc-trigger-ak-type-cmodify-2\/","title":{"rendered":"CNC aktitiv\u0113 ak PIDA C MODIFIKAKIJU"},"content":{"rendered":"","protected":false},"excerpt":{"rendered":"<p>CNC aktitiv\u0113 ak PIDA C MODIFIKAKIJU<\/p>\n<p>Spr\u016bda c tipa<br \/>\nAnod\u0113na alum\u012bnija Dural en AW 7075 B\u016bvniecieBa<br \/>\nIzgatavots ar cnc Ma\u0161\u012bn\u0101m<br \/>\nStandarta atbildes Spr\u016bda<br \/>\nParadz\u0113S 3. Versija P\u0101rnesumk\u0101rbu ar tokiju marui standartu<\/p>\n","protected":false},"featured_media":125392,"template":"","meta":{"_acf_changed":false},"product_brand":[],"product_cat":[1107],"product_tag":[],"class_list":{"0":"post-137737","1":"product","2":"type-product","3":"status-publish","4":"has-post-thumbnail","6":"product_cat-noregulesana","8":"first","9":"instock","10":"purchasable","11":"product-type-simple"},"acf":[],"_links":{"self":[{"href":"https:\/\/kingarms.ee\/lv\/wp-json\/wp\/v2\/product\/137737","targetHints":{"allow":["GET"]}}],"collection":[{"href":"https:\/\/kingarms.ee\/lv\/wp-json\/wp\/v2\/product"}],"about":[{"href":"https:\/\/kingarms.ee\/lv\/wp-json\/wp\/v2\/types\/product"}],"wp:featuredmedia":[{"embeddable":true,"href":"https:\/\/kingarms.ee\/lv\/wp-json\/wp\/v2\/media\/125392"}],"wp:attachment":[{"href":"https:\/\/kingarms.ee\/lv\/wp-json\/wp\/v2\/media?parent=137737"}],"wp:term":[{"taxonomy":"product_brand","embeddable":true,"href":"https:\/\/kingarms.ee\/lv\/wp-json\/wp\/v2\/product_brand?post=137737"},{"taxonomy":"product_cat","embeddable":true,"href":"https:\/\/kingarms.ee\/lv\/wp-json\/wp\/v2\/product_cat?post=137737"},{"taxonomy":"product_tag","embeddable":true,"href":"https:\/\/kingarms.ee\/lv\/wp-json\/wp\/v2\/product_tag?post=137737"}],"curies":[{"name":"wp","href":"https:\/\/api.w.org\/{rel}","templated":true}]}}