{"id":137759,"date":"2022-11-14T16:48:32","date_gmt":"2024-11-18T10:21:42","guid":{"rendered":"https:\/\/kingarms.ee\/product\/selektora-sviras-forma4-lielais-pukis\/"},"modified":"2025-08-03T17:18:22","modified_gmt":"2025-08-03T14:18:22","slug":"selektors-lever-form4-big-dragon","status":"publish","type":"product","link":"https:\/\/kingarms.ee\/lv\/product\/selektors-lever-form4-big-dragon\/","title":{"rendered":"Selektora sviras forma4 lielais p\u016b\u0137is"},"content":{"rendered":"","protected":false},"excerpt":{"rendered":"<p>Selektora sviras forma4 lielais p\u016b\u0137is<br \/>\nAtlas\u012bt\u0101ja svira<br \/>\nCNC alum\u012bnijs<br \/>\nPiem\u0113rots M4 AEG<br \/>\nmont\u0101\u017eas hardwareinkluded<\/p>\n","protected":false},"featured_media":125410,"template":"","meta":{"_acf_changed":false},"product_brand":[],"product_cat":[1107],"product_tag":[],"class_list":{"0":"post-137759","1":"product","2":"type-product","3":"status-publish","4":"has-post-thumbnail","6":"product_cat-noregulesana","8":"first","9":"instock","10":"purchasable","11":"product-type-simple"},"acf":[],"_links":{"self":[{"href":"https:\/\/kingarms.ee\/lv\/wp-json\/wp\/v2\/product\/137759","targetHints":{"allow":["GET"]}}],"collection":[{"href":"https:\/\/kingarms.ee\/lv\/wp-json\/wp\/v2\/product"}],"about":[{"href":"https:\/\/kingarms.ee\/lv\/wp-json\/wp\/v2\/types\/product"}],"wp:featuredmedia":[{"embeddable":true,"href":"https:\/\/kingarms.ee\/lv\/wp-json\/wp\/v2\/media\/125410"}],"wp:attachment":[{"href":"https:\/\/kingarms.ee\/lv\/wp-json\/wp\/v2\/media?parent=137759"}],"wp:term":[{"taxonomy":"product_brand","embeddable":true,"href":"https:\/\/kingarms.ee\/lv\/wp-json\/wp\/v2\/product_brand?post=137759"},{"taxonomy":"product_cat","embeddable":true,"href":"https:\/\/kingarms.ee\/lv\/wp-json\/wp\/v2\/product_cat?post=137759"},{"taxonomy":"product_tag","embeddable":true,"href":"https:\/\/kingarms.ee\/lv\/wp-json\/wp\/v2\/product_tag?post=137759"}],"curies":[{"name":"wp","href":"https:\/\/api.w.org\/{rel}","templated":true}]}}