{"id":137763,"date":"2022-11-14T16:48:32","date_gmt":"2024-11-18T10:25:53","guid":{"rendered":"https:\/\/kingarms.ee\/product\/triskarsais-zurnals-pouch-emersongear\/"},"modified":"2025-08-03T17:19:53","modified_gmt":"2025-08-03T14:19:53","slug":"triskarsa-magazina-papuve","status":"publish","type":"product","link":"https:\/\/kingarms.ee\/lv\/product\/triskarsa-magazina-papuve\/","title":{"rendered":"Tr\u012bsk\u0101r\u0161ais \u017eurn\u0101ls Pouch Emersongear"},"content":{"rendered":"","protected":false},"excerpt":{"rendered":"<p>Tr\u012bsk\u0101r\u0161ais \u017eurn\u0101ls Pouch Emersongear<\/p>\n<p>Par 5,56 \u017eurn\u0101liem<br \/>\nmolle siksna<br \/>\nPiem\u0113rots SS typetaktiskajai vestei<br \/>\nElast\u012bgais 500D audums<br \/>\nElast\u012bg\u0101 josla \u017eurn\u0101lamfix<br \/>\nizm\u0113ri 220x150mm<\/p>\n","protected":false},"featured_media":125222,"template":"","meta":{"_acf_changed":false},"product_brand":[],"product_cat":[1098,1100],"product_tag":[],"class_list":{"0":"post-137763","1":"product","2":"type-product","3":"status-publish","4":"has-post-thumbnail","6":"product_cat-maisini-somas-un-siksnas","7":"product_cat-uzglabasanas-kabatas","9":"first","10":"instock","11":"purchasable","12":"product-type-simple"},"acf":[],"_links":{"self":[{"href":"https:\/\/kingarms.ee\/lv\/wp-json\/wp\/v2\/product\/137763","targetHints":{"allow":["GET"]}}],"collection":[{"href":"https:\/\/kingarms.ee\/lv\/wp-json\/wp\/v2\/product"}],"about":[{"href":"https:\/\/kingarms.ee\/lv\/wp-json\/wp\/v2\/types\/product"}],"wp:featuredmedia":[{"embeddable":true,"href":"https:\/\/kingarms.ee\/lv\/wp-json\/wp\/v2\/media\/125222"}],"wp:attachment":[{"href":"https:\/\/kingarms.ee\/lv\/wp-json\/wp\/v2\/media?parent=137763"}],"wp:term":[{"taxonomy":"product_brand","embeddable":true,"href":"https:\/\/kingarms.ee\/lv\/wp-json\/wp\/v2\/product_brand?post=137763"},{"taxonomy":"product_cat","embeddable":true,"href":"https:\/\/kingarms.ee\/lv\/wp-json\/wp\/v2\/product_cat?post=137763"},{"taxonomy":"product_tag","embeddable":true,"href":"https:\/\/kingarms.ee\/lv\/wp-json\/wp\/v2\/product_tag?post=137763"}],"curies":[{"name":"wp","href":"https:\/\/api.w.org\/{rel}","templated":true}]}}