{"id":137771,"date":"2022-11-14T16:48:32","date_gmt":"2024-11-18T10:33:51","guid":{"rendered":"https:\/\/kingarms.ee\/product\/evolver-25-sudrabsbruni\/"},"modified":"2025-08-03T17:22:46","modified_gmt":"2025-08-03T14:22:46","slug":"evolver-25-silverbruni","status":"publish","type":"product","link":"https:\/\/kingarms.ee\/lv\/product\/evolver-25-silverbruni\/","title":{"rendered":"Evolver 2,5 &#8220;sudrabs[bruni]"},"content":{"rendered":"","protected":false},"excerpt":{"rendered":"<p>CO2 revolveris<br \/>\nkalibrs 4,5 mm<br \/>\npilns met\u0101ls<br \/>\n6 k\u0101rtas bungu \u017eurn\u0101ls<br \/>\nmucas garums 2,5 collas<br \/>\ndro\u0161\u012bbas sl\u0113dzene, viens \u0161\u0101viens<br \/>\n6 \u0161\u0101vieni, ietilpst \u0101truma iekr\u0101v\u0113ja sliede<br \/>\nVid\u0113j\u0101 jauda 1,62J (apm\u0113ram96 m\/s ar 0,35 g t\u0113rauda BBS)<br \/>\nGarums 209mm<br \/>\nSvars 875G<\/p>\n","protected":false},"featured_media":125430,"template":"","meta":{"_acf_changed":false},"product_brand":[],"product_cat":[1005],"product_tag":[],"class_list":{"0":"post-137771","1":"product","2":"type-product","3":"status-publish","4":"has-post-thumbnail","6":"product_cat-rokas-pistoles-lv","8":"first","9":"onbackorder","10":"product-type-simple"},"acf":[],"_links":{"self":[{"href":"https:\/\/kingarms.ee\/lv\/wp-json\/wp\/v2\/product\/137771","targetHints":{"allow":["GET"]}}],"collection":[{"href":"https:\/\/kingarms.ee\/lv\/wp-json\/wp\/v2\/product"}],"about":[{"href":"https:\/\/kingarms.ee\/lv\/wp-json\/wp\/v2\/types\/product"}],"wp:featuredmedia":[{"embeddable":true,"href":"https:\/\/kingarms.ee\/lv\/wp-json\/wp\/v2\/media\/125430"}],"wp:attachment":[{"href":"https:\/\/kingarms.ee\/lv\/wp-json\/wp\/v2\/media?parent=137771"}],"wp:term":[{"taxonomy":"product_brand","embeddable":true,"href":"https:\/\/kingarms.ee\/lv\/wp-json\/wp\/v2\/product_brand?post=137771"},{"taxonomy":"product_cat","embeddable":true,"href":"https:\/\/kingarms.ee\/lv\/wp-json\/wp\/v2\/product_cat?post=137771"},{"taxonomy":"product_tag","embeddable":true,"href":"https:\/\/kingarms.ee\/lv\/wp-json\/wp\/v2\/product_tag?post=137771"}],"curies":[{"name":"wp","href":"https:\/\/api.w.org\/{rel}","templated":true}]}}