{"id":137775,"date":"2022-11-14T16:48:32","date_gmt":"2024-11-18T10:42:12","guid":{"rendered":"https:\/\/kingarms.ee\/product\/polikarbonata-virzula-karaliskais\/"},"modified":"2025-08-03T17:24:36","modified_gmt":"2025-08-03T14:24:36","slug":"polikarbonata-virzula","status":"publish","type":"product","link":"https:\/\/kingarms.ee\/lv\/product\/polikarbonata-virzula\/","title":{"rendered":"Polikarbon\u0101ta virzu\u013ca karaliskais"},"content":{"rendered":"","protected":false},"excerpt":{"rendered":"<p>Polikarbon\u0101ta virzu\u013ca karaliskais<\/p>\n<p>Polikarbon\u0101ta virzulis<br \/>\n7 met\u0101la zobi<\/p>\n","protected":false},"featured_media":125400,"template":"","meta":{"_acf_changed":false},"product_brand":[],"product_cat":[1107],"product_tag":[],"class_list":{"0":"post-137775","1":"product","2":"type-product","3":"status-publish","4":"has-post-thumbnail","6":"product_cat-noregulesana","8":"first","9":"instock","10":"purchasable","11":"product-type-simple"},"acf":[],"_links":{"self":[{"href":"https:\/\/kingarms.ee\/lv\/wp-json\/wp\/v2\/product\/137775","targetHints":{"allow":["GET"]}}],"collection":[{"href":"https:\/\/kingarms.ee\/lv\/wp-json\/wp\/v2\/product"}],"about":[{"href":"https:\/\/kingarms.ee\/lv\/wp-json\/wp\/v2\/types\/product"}],"wp:featuredmedia":[{"embeddable":true,"href":"https:\/\/kingarms.ee\/lv\/wp-json\/wp\/v2\/media\/125400"}],"wp:attachment":[{"href":"https:\/\/kingarms.ee\/lv\/wp-json\/wp\/v2\/media?parent=137775"}],"wp:term":[{"taxonomy":"product_brand","embeddable":true,"href":"https:\/\/kingarms.ee\/lv\/wp-json\/wp\/v2\/product_brand?post=137775"},{"taxonomy":"product_cat","embeddable":true,"href":"https:\/\/kingarms.ee\/lv\/wp-json\/wp\/v2\/product_cat?post=137775"},{"taxonomy":"product_tag","embeddable":true,"href":"https:\/\/kingarms.ee\/lv\/wp-json\/wp\/v2\/product_tag?post=137775"}],"curies":[{"name":"wp","href":"https:\/\/api.w.org\/{rel}","templated":true}]}}