{"id":137779,"date":"2022-11-14T16:48:22","date_gmt":"2024-11-18T10:48:17","guid":{"rendered":"https:\/\/kingarms.ee\/product\/fiksets-asmens-nazis-sck\/"},"modified":"2025-08-03T17:31:45","modified_gmt":"2025-08-03T14:31:45","slug":"fikseta-lapstinu-nazis","status":"publish","type":"product","link":"https:\/\/kingarms.ee\/lv\/product\/fikseta-lapstinu-nazis\/","title":{"rendered":"Fiks\u0113ts asmens nazis sck"},"content":{"rendered":"","protected":false},"excerpt":{"rendered":"<p>Fiks\u0113ts asmens nazis sck<\/p>\n<p>Fiks\u0113ts asmens nazis<br \/>\nKop\u0113jais garums 21 cm<br \/>\nasmens garums 10 cm<br \/>\nMelns p\u0101rkl\u0101ts ar Ner\u016bs\u0113jo\u0161u asmeni<br \/>\ncamo rokturis<\/p>\n","protected":false},"featured_media":125484,"template":"","meta":{"_acf_changed":false},"product_brand":[],"product_cat":[991],"product_tag":[],"class_list":{"0":"post-137779","1":"product","2":"type-product","3":"status-publish","4":"has-post-thumbnail","6":"product_cat-nazi","8":"first","9":"instock","10":"purchasable","11":"product-type-simple"},"acf":[],"_links":{"self":[{"href":"https:\/\/kingarms.ee\/lv\/wp-json\/wp\/v2\/product\/137779","targetHints":{"allow":["GET"]}}],"collection":[{"href":"https:\/\/kingarms.ee\/lv\/wp-json\/wp\/v2\/product"}],"about":[{"href":"https:\/\/kingarms.ee\/lv\/wp-json\/wp\/v2\/types\/product"}],"wp:featuredmedia":[{"embeddable":true,"href":"https:\/\/kingarms.ee\/lv\/wp-json\/wp\/v2\/media\/125484"}],"wp:attachment":[{"href":"https:\/\/kingarms.ee\/lv\/wp-json\/wp\/v2\/media?parent=137779"}],"wp:term":[{"taxonomy":"product_brand","embeddable":true,"href":"https:\/\/kingarms.ee\/lv\/wp-json\/wp\/v2\/product_brand?post=137779"},{"taxonomy":"product_cat","embeddable":true,"href":"https:\/\/kingarms.ee\/lv\/wp-json\/wp\/v2\/product_cat?post=137779"},{"taxonomy":"product_tag","embeddable":true,"href":"https:\/\/kingarms.ee\/lv\/wp-json\/wp\/v2\/product_tag?post=137779"}],"curies":[{"name":"wp","href":"https:\/\/api.w.org\/{rel}","templated":true}]}}