{"id":137783,"date":"2022-11-14T16:48:22","date_gmt":"2024-11-18T10:52:03","guid":{"rendered":"https:\/\/kingarms.ee\/product\/tappet-plate-for-m14series-royal\/"},"modified":"2025-08-03T17:33:21","modified_gmt":"2025-08-03T14:33:21","slug":"tappet-plate-for-m14series-royal","status":"publish","type":"product","link":"https:\/\/kingarms.ee\/lv\/product\/tappet-plate-for-m14series-royal\/","title":{"rendered":"Tappet Plate for M14Series Royal"},"content":{"rendered":"","protected":false},"excerpt":{"rendered":"<p>Tappet Plate for M14Series Royal<br \/>\nTappet pl\u0101ksne<br \/>\nPiem\u0113rots M14 s\u0113rijelektrisk\u0101m \u0161auten\u0113m un sader\u012bg\u0101m<\/p>\n","protected":false},"featured_media":125478,"template":"","meta":{"_acf_changed":false},"product_brand":[],"product_cat":[1107],"product_tag":[],"class_list":{"0":"post-137783","1":"product","2":"type-product","3":"status-publish","4":"has-post-thumbnail","6":"product_cat-noregulesana","8":"first","9":"instock","10":"purchasable","11":"product-type-simple"},"acf":[],"_links":{"self":[{"href":"https:\/\/kingarms.ee\/lv\/wp-json\/wp\/v2\/product\/137783","targetHints":{"allow":["GET"]}}],"collection":[{"href":"https:\/\/kingarms.ee\/lv\/wp-json\/wp\/v2\/product"}],"about":[{"href":"https:\/\/kingarms.ee\/lv\/wp-json\/wp\/v2\/types\/product"}],"wp:featuredmedia":[{"embeddable":true,"href":"https:\/\/kingarms.ee\/lv\/wp-json\/wp\/v2\/media\/125478"}],"wp:attachment":[{"href":"https:\/\/kingarms.ee\/lv\/wp-json\/wp\/v2\/media?parent=137783"}],"wp:term":[{"taxonomy":"product_brand","embeddable":true,"href":"https:\/\/kingarms.ee\/lv\/wp-json\/wp\/v2\/product_brand?post=137783"},{"taxonomy":"product_cat","embeddable":true,"href":"https:\/\/kingarms.ee\/lv\/wp-json\/wp\/v2\/product_cat?post=137783"},{"taxonomy":"product_tag","embeddable":true,"href":"https:\/\/kingarms.ee\/lv\/wp-json\/wp\/v2\/product_tag?post=137783"}],"curies":[{"name":"wp","href":"https:\/\/api.w.org\/{rel}","templated":true}]}}