{"id":137797,"date":"2022-11-14T16:48:22","date_gmt":"2024-11-18T11:06:14","guid":{"rendered":"https:\/\/kingarms.ee\/product\/plus-saliekams-paklavs-snaipera-karaliskajam\/"},"modified":"2025-08-03T17:39:30","modified_gmt":"2025-08-03T14:39:30","slug":"plus-salocisana-carpetfor-sniper-royal-2","status":"publish","type":"product","link":"https:\/\/kingarms.ee\/lv\/product\/plus-salocisana-carpetfor-sniper-royal-2\/","title":{"rendered":"Plus Saliekams Pakl\u0101vs Snaipera Karaliskajam"},"content":{"rendered":"","protected":false},"excerpt":{"rendered":"<p>Plus saliekams pakl\u0101js snaipera karaliskajam<\/p>\n<p>\u0100rpus\u0113 ar no\u0146emamu lapu<br \/>\nvair\u0101ku kabata iek\u0161pus\u0113<br \/>\nUzbrukuma mugursoma Orshoulder siksna<br \/>\nit\u0101\u013cu camo<\/p>\n","protected":false},"featured_media":125474,"template":"","meta":{"_acf_changed":false},"product_brand":[],"product_cat":[1088],"product_tag":[],"class_list":{"0":"post-137797","1":"product","2":"type-product","3":"status-publish","4":"has-post-thumbnail","6":"product_cat-gadijumi-un-somas","8":"first","9":"instock","10":"sale","11":"purchasable","12":"product-type-simple"},"acf":[],"_links":{"self":[{"href":"https:\/\/kingarms.ee\/lv\/wp-json\/wp\/v2\/product\/137797","targetHints":{"allow":["GET"]}}],"collection":[{"href":"https:\/\/kingarms.ee\/lv\/wp-json\/wp\/v2\/product"}],"about":[{"href":"https:\/\/kingarms.ee\/lv\/wp-json\/wp\/v2\/types\/product"}],"wp:featuredmedia":[{"embeddable":true,"href":"https:\/\/kingarms.ee\/lv\/wp-json\/wp\/v2\/media\/125474"}],"wp:attachment":[{"href":"https:\/\/kingarms.ee\/lv\/wp-json\/wp\/v2\/media?parent=137797"}],"wp:term":[{"taxonomy":"product_brand","embeddable":true,"href":"https:\/\/kingarms.ee\/lv\/wp-json\/wp\/v2\/product_brand?post=137797"},{"taxonomy":"product_cat","embeddable":true,"href":"https:\/\/kingarms.ee\/lv\/wp-json\/wp\/v2\/product_cat?post=137797"},{"taxonomy":"product_tag","embeddable":true,"href":"https:\/\/kingarms.ee\/lv\/wp-json\/wp\/v2\/product_tag?post=137797"}],"curies":[{"name":"wp","href":"https:\/\/api.w.org\/{rel}","templated":true}]}}