{"id":137803,"date":"2022-10-31T19:48:25","date_gmt":"2024-11-18T11:49:05","guid":{"rendered":"https:\/\/kingarms.ee\/product\/augstakais-pamata-aktivo-varsti-sordin\/"},"modified":"2025-08-03T18:01:48","modified_gmt":"2025-08-03T15:01:48","slug":"augstakais-basic-service-sordins","status":"publish","type":"product","link":"https:\/\/kingarms.ee\/lv\/product\/augstakais-basic-service-sordins\/","title":{"rendered":"Augst\u0101kais pamata akt\u012bvo v\u0101rsti (Sordin)"},"content":{"rendered":"<p><img loading=\"lazy\" decoding=\"async\" class=\"alignnone size-full wp-image-74040\" src=\"https:\/\/kingarms.ee\/wp-content\/uploads\/2022\/10\/supreme11.jpg\" alt=\"\" width=\"1200\" height=\"890\" srcset=\"https:\/\/kingarms.ee\/wp-content\/uploads\/2022\/10\/supreme11.jpg 1200w, https:\/\/kingarms.ee\/wp-content\/uploads\/2022\/10\/supreme11-300x223.jpg 300w, https:\/\/kingarms.ee\/wp-content\/uploads\/2022\/10\/supreme11-1024x759.jpg 1024w, https:\/\/kingarms.ee\/wp-content\/uploads\/2022\/10\/supreme11-768x570.jpg 768w, https:\/\/kingarms.ee\/wp-content\/uploads\/2022\/10\/supreme11-500x371.jpg 500w, https:\/\/kingarms.ee\/wp-content\/uploads\/2022\/10\/supreme11-150x111.jpg 150w\" sizes=\"auto, (max-width: 1200px) 100vw, 1200px\" \/><\/p>\n","protected":false},"excerpt":{"rendered":"<p>Augst\u0101kie pamata akt\u012bvie v\u0101rsti<\/p>\n<p>Dati un funkcijas:<\/p>\n<p>Ergonomisks dizains, kas piem\u0113rots \u0161au\u0161anai un med\u012bb\u0101m<br \/>\nSlaiduma v\u0101rsti<br \/>\nDivi atsevi\u0161\u0137i, labi aizsarg\u0101ti mikrofoni<br \/>\n1: 1 \u0100r\u0113jo ska\u0146u p\u0101rraide &#8211; nevis pastiprina<br \/>\n150 stundas ar div\u0101m AAA baterij\u0101m<br \/>\nSaliekams, der kabat\u0101<br \/>\nAutom\u0101tiska izsl\u0113g\u0161ana<br \/>\nAnalog\u0101 elektronika<br \/>\nSvars: 300 g<\/p>\n","protected":false},"featured_media":127023,"template":"","meta":{"_acf_changed":false},"product_brand":[],"product_cat":[1022],"product_tag":[],"class_list":{"0":"post-137803","1":"product","2":"type-product","3":"status-publish","4":"has-post-thumbnail","6":"product_cat-aktivas-austinas","8":"first","9":"instock","10":"taxable","11":"shipping-taxable","12":"purchasable","13":"product-type-simple"},"acf":[],"_links":{"self":[{"href":"https:\/\/kingarms.ee\/lv\/wp-json\/wp\/v2\/product\/137803","targetHints":{"allow":["GET"]}}],"collection":[{"href":"https:\/\/kingarms.ee\/lv\/wp-json\/wp\/v2\/product"}],"about":[{"href":"https:\/\/kingarms.ee\/lv\/wp-json\/wp\/v2\/types\/product"}],"wp:featuredmedia":[{"embeddable":true,"href":"https:\/\/kingarms.ee\/lv\/wp-json\/wp\/v2\/media\/127023"}],"wp:attachment":[{"href":"https:\/\/kingarms.ee\/lv\/wp-json\/wp\/v2\/media?parent=137803"}],"wp:term":[{"taxonomy":"product_brand","embeddable":true,"href":"https:\/\/kingarms.ee\/lv\/wp-json\/wp\/v2\/product_brand?post=137803"},{"taxonomy":"product_cat","embeddable":true,"href":"https:\/\/kingarms.ee\/lv\/wp-json\/wp\/v2\/product_cat?post=137803"},{"taxonomy":"product_tag","embeddable":true,"href":"https:\/\/kingarms.ee\/lv\/wp-json\/wp\/v2\/product_tag?post=137803"}],"curies":[{"name":"wp","href":"https:\/\/api.w.org\/{rel}","templated":true}]}}