{"id":137808,"date":"2022-10-31T15:14:00","date_gmt":"2022-10-31T12:14:00","guid":{"rendered":"https:\/\/kingarms.ee\/product\/cirvju-un-nazu-komplekts-morakniv\/"},"modified":"2025-08-03T18:04:06","modified_gmt":"2025-08-03T15:04:06","slug":"cirvju-un-nazis","status":"publish","type":"product","link":"https:\/\/kingarms.ee\/lv\/product\/cirvju-un-nazis\/","title":{"rendered":"Cirvju un na\u017eu komplekts morakniv"},"content":{"rendered":"","protected":false},"excerpt":{"rendered":"<p>Cirvju un na\u017eu komplekts morakniv<\/p>\n<p>Nazis:<br \/>\nAsmens, kas izgatavots no Sandvik 12C27 t\u0113rauda;<br \/>\nRokturis, kas izgatavots no iztur\u012bgas gumijotas plastmasas;<br \/>\nNa\u017ea garums &#8211; 220 mm, asmens garums &#8211; 109 mm.<br \/>\nSvars 141 grami.<\/p>\n<p>Cirvis:<br \/>\ndaudzpus\u012bgs un \u0113rti lietojams;<br \/>\nAsmens, kas izgatavots no augstas iztur\u012bbas t\u0113rauda ar bora piemais\u012bjumu;<br \/>\nIztur\u012bgs plastmasas rokturis;<br \/>\nAX garums &#8211; 322 mm, asmens garums &#8211; 115 mm<br \/>\nSvars 500 grami.<\/p>\n","protected":false},"featured_media":125046,"template":"","meta":{"_acf_changed":false},"product_brand":[],"product_cat":[1117],"product_tag":[],"class_list":{"0":"post-137808","1":"product","2":"type-product","3":"status-publish","4":"has-post-thumbnail","6":"product_cat-celojuma-nazi","8":"first","9":"outofstock","10":"sale","11":"purchasable","12":"product-type-simple"},"acf":[],"_links":{"self":[{"href":"https:\/\/kingarms.ee\/lv\/wp-json\/wp\/v2\/product\/137808","targetHints":{"allow":["GET"]}}],"collection":[{"href":"https:\/\/kingarms.ee\/lv\/wp-json\/wp\/v2\/product"}],"about":[{"href":"https:\/\/kingarms.ee\/lv\/wp-json\/wp\/v2\/types\/product"}],"wp:featuredmedia":[{"embeddable":true,"href":"https:\/\/kingarms.ee\/lv\/wp-json\/wp\/v2\/media\/125046"}],"wp:attachment":[{"href":"https:\/\/kingarms.ee\/lv\/wp-json\/wp\/v2\/media?parent=137808"}],"wp:term":[{"taxonomy":"product_brand","embeddable":true,"href":"https:\/\/kingarms.ee\/lv\/wp-json\/wp\/v2\/product_brand?post=137808"},{"taxonomy":"product_cat","embeddable":true,"href":"https:\/\/kingarms.ee\/lv\/wp-json\/wp\/v2\/product_cat?post=137808"},{"taxonomy":"product_tag","embeddable":true,"href":"https:\/\/kingarms.ee\/lv\/wp-json\/wp\/v2\/product_tag?post=137808"}],"curies":[{"name":"wp","href":"https:\/\/api.w.org\/{rel}","templated":true}]}}