{"id":137818,"date":"2022-10-31T15:13:51","date_gmt":"2022-10-31T12:13:51","guid":{"rendered":"https:\/\/kingarms.ee\/product\/nazis-nerusejosais-terauds-morakniv\/"},"modified":"2025-08-03T18:07:16","modified_gmt":"2025-08-03T15:07:16","slug":"naza-no-nerusejosa-terauda-morakniv","status":"publish","type":"product","link":"https:\/\/kingarms.ee\/lv\/product\/naza-no-nerusejosa-terauda-morakniv\/","title":{"rendered":"Nazis, ner\u016bs\u0113jo\u0161ais t\u0113rauds [Morakniv]"},"content":{"rendered":"","protected":false},"excerpt":{"rendered":"<p>Asme\u0146u biezums, 2,5 mm<br \/>\nL\u0101psti\u0146as forma: taisna<br \/>\nRoktura materi\u0101ls: TPE gumija<br \/>\nL\u0101psti\u0146as garums, 104 mm<br \/>\nFlex pak\u0101pe: st\u012bvs<br \/>\nNa\u017ea garums, 219 mm<br \/>\nL\u0101psti\u0146as materi\u0101ls: ner\u016bs\u0113jo\u0161ais t\u0113rauds<\/p>\n","protected":false},"featured_media":125060,"template":"","meta":{"_acf_changed":false},"product_brand":[],"product_cat":[991,1117],"product_tag":[],"class_list":{"0":"post-137818","1":"product","2":"type-product","3":"status-publish","4":"has-post-thumbnail","6":"product_cat-nazi","7":"product_cat-celojuma-nazi","9":"first","10":"outofstock","11":"purchasable","12":"product-type-simple"},"acf":[],"_links":{"self":[{"href":"https:\/\/kingarms.ee\/lv\/wp-json\/wp\/v2\/product\/137818","targetHints":{"allow":["GET"]}}],"collection":[{"href":"https:\/\/kingarms.ee\/lv\/wp-json\/wp\/v2\/product"}],"about":[{"href":"https:\/\/kingarms.ee\/lv\/wp-json\/wp\/v2\/types\/product"}],"wp:featuredmedia":[{"embeddable":true,"href":"https:\/\/kingarms.ee\/lv\/wp-json\/wp\/v2\/media\/125060"}],"wp:attachment":[{"href":"https:\/\/kingarms.ee\/lv\/wp-json\/wp\/v2\/media?parent=137818"}],"wp:term":[{"taxonomy":"product_brand","embeddable":true,"href":"https:\/\/kingarms.ee\/lv\/wp-json\/wp\/v2\/product_brand?post=137818"},{"taxonomy":"product_cat","embeddable":true,"href":"https:\/\/kingarms.ee\/lv\/wp-json\/wp\/v2\/product_cat?post=137818"},{"taxonomy":"product_tag","embeddable":true,"href":"https:\/\/kingarms.ee\/lv\/wp-json\/wp\/v2\/product_tag?post=137818"}],"curies":[{"name":"wp","href":"https:\/\/api.w.org\/{rel}","templated":true}]}}