{"id":137821,"date":"2022-10-31T15:13:51","date_gmt":"2024-11-18T14:44:05","guid":{"rendered":"https:\/\/kingarms.ee\/product\/bushcraft-knife-morakniv\/"},"modified":"2025-08-03T18:08:49","modified_gmt":"2025-08-03T15:08:49","slug":"bushcraft-nazes-morakniv","status":"publish","type":"product","link":"https:\/\/kingarms.ee\/lv\/product\/bushcraft-nazes-morakniv\/","title":{"rendered":"Bushcraft Knife Morakniv"},"content":{"rendered":"","protected":false},"excerpt":{"rendered":"<p>Bushcraft Knife Morakniv<\/p>\n<p>L\u0101psti\u0146as garums: 17,2 cm<br \/>\nSvars: 170 g<br \/>\nMateri\u0101la rokturis: plastmasa<br \/>\nT\u0113rauda tips: oglek\u013ca t\u0113rauds<br \/>\nAsin\u0101\u0161anas veids: Scandi<\/p>\n","protected":false},"featured_media":125062,"template":"","meta":{"_acf_changed":false},"product_brand":[],"product_cat":[1117],"product_tag":[],"class_list":{"0":"post-137821","1":"product","2":"type-product","3":"status-publish","4":"has-post-thumbnail","6":"product_cat-celojuma-nazi","8":"first","9":"instock","10":"purchasable","11":"product-type-simple"},"acf":[],"_links":{"self":[{"href":"https:\/\/kingarms.ee\/lv\/wp-json\/wp\/v2\/product\/137821","targetHints":{"allow":["GET"]}}],"collection":[{"href":"https:\/\/kingarms.ee\/lv\/wp-json\/wp\/v2\/product"}],"about":[{"href":"https:\/\/kingarms.ee\/lv\/wp-json\/wp\/v2\/types\/product"}],"wp:featuredmedia":[{"embeddable":true,"href":"https:\/\/kingarms.ee\/lv\/wp-json\/wp\/v2\/media\/125062"}],"wp:attachment":[{"href":"https:\/\/kingarms.ee\/lv\/wp-json\/wp\/v2\/media?parent=137821"}],"wp:term":[{"taxonomy":"product_brand","embeddable":true,"href":"https:\/\/kingarms.ee\/lv\/wp-json\/wp\/v2\/product_brand?post=137821"},{"taxonomy":"product_cat","embeddable":true,"href":"https:\/\/kingarms.ee\/lv\/wp-json\/wp\/v2\/product_cat?post=137821"},{"taxonomy":"product_tag","embeddable":true,"href":"https:\/\/kingarms.ee\/lv\/wp-json\/wp\/v2\/product_tag?post=137821"}],"curies":[{"name":"wp","href":"https:\/\/api.w.org\/{rel}","templated":true}]}}