{"id":137823,"date":"2022-10-31T15:13:51","date_gmt":"2024-11-18T14:46:06","guid":{"rendered":"https:\/\/kingarms.ee\/product\/naza-krumu-kugu-melnais-morakniv\/"},"modified":"2025-08-03T18:09:40","modified_gmt":"2025-08-03T15:09:40","slug":"nazu-un-melnu-morakniv","status":"publish","type":"product","link":"https:\/\/kingarms.ee\/lv\/product\/nazu-un-melnu-morakniv\/","title":{"rendered":"Na\u017ea kr\u016bmu ku\u0123u melnais morakniv"},"content":{"rendered":"","protected":false},"excerpt":{"rendered":"<p>Na\u017ea kr\u016bmu ku\u0123u melnais morakniv<\/p>\n<p>L\u0101psti\u0146as materi\u0101ls: oglek\u013ca t\u0113rauds<br \/>\nRokturis materi\u0101ls: TPE-Rubber<br \/>\nL\u0101psti\u0146as garums: 109 mm<br \/>\nAsme\u0146u biezums: 3,2 mm<br \/>\nNa\u017ea garums: 232 mm<br \/>\nNeto svars: 174,6 g<\/p>\n","protected":false},"featured_media":125032,"template":"","meta":{"_acf_changed":false},"product_brand":[],"product_cat":[1117],"product_tag":[],"class_list":{"0":"post-137823","1":"product","2":"type-product","3":"status-publish","4":"has-post-thumbnail","6":"product_cat-celojuma-nazi","8":"first","9":"instock","10":"purchasable","11":"product-type-simple"},"acf":[],"_links":{"self":[{"href":"https:\/\/kingarms.ee\/lv\/wp-json\/wp\/v2\/product\/137823","targetHints":{"allow":["GET"]}}],"collection":[{"href":"https:\/\/kingarms.ee\/lv\/wp-json\/wp\/v2\/product"}],"about":[{"href":"https:\/\/kingarms.ee\/lv\/wp-json\/wp\/v2\/types\/product"}],"wp:featuredmedia":[{"embeddable":true,"href":"https:\/\/kingarms.ee\/lv\/wp-json\/wp\/v2\/media\/125032"}],"wp:attachment":[{"href":"https:\/\/kingarms.ee\/lv\/wp-json\/wp\/v2\/media?parent=137823"}],"wp:term":[{"taxonomy":"product_brand","embeddable":true,"href":"https:\/\/kingarms.ee\/lv\/wp-json\/wp\/v2\/product_brand?post=137823"},{"taxonomy":"product_cat","embeddable":true,"href":"https:\/\/kingarms.ee\/lv\/wp-json\/wp\/v2\/product_cat?post=137823"},{"taxonomy":"product_tag","embeddable":true,"href":"https:\/\/kingarms.ee\/lv\/wp-json\/wp\/v2\/product_tag?post=137823"}],"curies":[{"name":"wp","href":"https:\/\/api.w.org\/{rel}","templated":true}]}}