{"id":137827,"date":"2022-10-26T23:45:44","date_gmt":"2024-11-18T15:00:58","guid":{"rendered":"https:\/\/kingarms.ee\/product\/samaziniet-gredzena-videju-profilu-254-mm-vektora-optika\/"},"modified":"2025-08-03T18:23:27","modified_gmt":"2025-08-03T15:23:27","slug":"mount-gredzena-videja-profils-254mm-vektors-optika","status":"publish","type":"product","link":"https:\/\/kingarms.ee\/lv\/product\/mount-gredzena-videja-profils-254mm-vektors-optika\/","title":{"rendered":"Samaziniet gredzena vid\u0113ju profilu &#8211; 25,4 mm vektora optika"},"content":{"rendered":"","protected":false},"excerpt":{"rendered":"<p>Samaziniet gredzena vid\u0113ju profilu &#8211; 25,4 mm vektora optikas vektora optikas jomas stiprin\u0101jumu komplekts. Augsts modelis, Picatinny b\u0101ze. 25,5 mm \/ 1 &#8220;diametra \u0161autenes skap\u012b\u0161i. CNC ra\u017eoja no 6061-T6 alum\u012bnija sakaus\u0113juma un anod\u0113ta mat\u0113ta melna.<\/p>\n","protected":false},"featured_media":125010,"template":"","meta":{"_acf_changed":false},"product_brand":[],"product_cat":[1035],"product_tag":[],"class_list":{"0":"post-137827","1":"product","2":"type-product","3":"status-publish","4":"has-post-thumbnail","6":"product_cat-saujamierocu-gredzeni","8":"first","9":"instock","10":"purchasable","11":"product-type-simple"},"acf":[],"_links":{"self":[{"href":"https:\/\/kingarms.ee\/lv\/wp-json\/wp\/v2\/product\/137827","targetHints":{"allow":["GET"]}}],"collection":[{"href":"https:\/\/kingarms.ee\/lv\/wp-json\/wp\/v2\/product"}],"about":[{"href":"https:\/\/kingarms.ee\/lv\/wp-json\/wp\/v2\/types\/product"}],"wp:featuredmedia":[{"embeddable":true,"href":"https:\/\/kingarms.ee\/lv\/wp-json\/wp\/v2\/media\/125010"}],"wp:attachment":[{"href":"https:\/\/kingarms.ee\/lv\/wp-json\/wp\/v2\/media?parent=137827"}],"wp:term":[{"taxonomy":"product_brand","embeddable":true,"href":"https:\/\/kingarms.ee\/lv\/wp-json\/wp\/v2\/product_brand?post=137827"},{"taxonomy":"product_cat","embeddable":true,"href":"https:\/\/kingarms.ee\/lv\/wp-json\/wp\/v2\/product_cat?post=137827"},{"taxonomy":"product_tag","embeddable":true,"href":"https:\/\/kingarms.ee\/lv\/wp-json\/wp\/v2\/product_tag?post=137827"}],"curies":[{"name":"wp","href":"https:\/\/api.w.org\/{rel}","templated":true}]}}