{"id":137835,"date":"2022-10-24T13:45:19","date_gmt":"2024-11-18T15:18:27","guid":{"rendered":"https:\/\/kingarms.ee\/product\/akumulator-usb16340-rcr123-700-mah-36-v\/"},"modified":"2025-08-03T18:31:28","modified_gmt":"2025-08-03T15:31:28","slug":"akumulators-usb16340-rcr123-700-mah-36-v","status":"publish","type":"product","link":"https:\/\/kingarms.ee\/lv\/product\/akumulators-usb16340-rcr123-700-mah-36-v\/","title":{"rendered":"Akumulator USB16340 RCR123 700 mAh 3,6 V"},"content":{"rendered":"","protected":false},"excerpt":{"rendered":"<p>Fenix USB ARB-L16UP ir 16340 RCR123 3,6 V litija jonu uzl\u0101d\u0113jams akumulators ar ietilp\u012bbu 700 mAh, ar inovat\u012bvu uzl\u0101des sist\u0113mu, izmantojot mikro-USB portu.<\/p>\n","protected":false},"featured_media":124966,"template":"","meta":{"_acf_changed":false},"product_brand":[],"product_cat":[1056],"product_tag":[],"class_list":{"0":"post-137835","1":"product","2":"type-product","3":"status-publish","4":"has-post-thumbnail","6":"product_cat-batterses","8":"first","9":"instock","10":"purchasable","11":"product-type-simple"},"acf":[],"_links":{"self":[{"href":"https:\/\/kingarms.ee\/lv\/wp-json\/wp\/v2\/product\/137835","targetHints":{"allow":["GET"]}}],"collection":[{"href":"https:\/\/kingarms.ee\/lv\/wp-json\/wp\/v2\/product"}],"about":[{"href":"https:\/\/kingarms.ee\/lv\/wp-json\/wp\/v2\/types\/product"}],"wp:featuredmedia":[{"embeddable":true,"href":"https:\/\/kingarms.ee\/lv\/wp-json\/wp\/v2\/media\/124966"}],"wp:attachment":[{"href":"https:\/\/kingarms.ee\/lv\/wp-json\/wp\/v2\/media?parent=137835"}],"wp:term":[{"taxonomy":"product_brand","embeddable":true,"href":"https:\/\/kingarms.ee\/lv\/wp-json\/wp\/v2\/product_brand?post=137835"},{"taxonomy":"product_cat","embeddable":true,"href":"https:\/\/kingarms.ee\/lv\/wp-json\/wp\/v2\/product_cat?post=137835"},{"taxonomy":"product_tag","embeddable":true,"href":"https:\/\/kingarms.ee\/lv\/wp-json\/wp\/v2\/product_tag?post=137835"}],"curies":[{"name":"wp","href":"https:\/\/api.w.org\/{rel}","templated":true}]}}