{"id":137845,"date":"2022-10-17T15:47:10","date_gmt":"2024-11-18T16:36:08","guid":{"rendered":"https:\/\/kingarms.ee\/product\/lietus-terps\/"},"modified":"2024-11-18T19:36:08","modified_gmt":"2024-11-18T16:36:08","slug":"rain-suit-2","status":"publish","type":"product","link":"https:\/\/kingarms.ee\/lv\/product\/rain-suit-2\/","title":{"rendered":"Lietus t\u0113rps"},"content":{"rendered":"","protected":false},"excerpt":{"rendered":"<p>Jaka ar sl\u0113ptu r\u0101v\u0113jsl\u0113dz\u0113ju un 2 nospiediet pogas<br \/>\n2 sl\u0113ptas g\u016b\u017eas kabatas<br \/>\nSl\u0113pts kapuci apkakl\u0113 ar auklu un r\u0101v\u0113jsl\u0113dz\u0113ju<br \/>\naizmugur\u0113j\u0101 ventil\u0101cija ar aci<br \/>\nventil\u0101cijas acu acus<br \/>\nNospiediet pogas uz piedurknes apak\u0161malas un<br \/>\nZivs uz viduk\u013ca<br \/>\nbikses ar elast\u012bgu jostas joslu<br \/>\n2 Sl\u0113ptas spraugas kabatas s\u0101nos<br \/>\nApak\u0161da\u013ca, kas regul\u0113jama p\u0113c nospieduma pog\u0101m<\/p>\n","protected":false},"featured_media":134328,"template":"","meta":{"_acf_changed":false},"product_brand":[],"product_cat":[1075,1073],"product_tag":[],"class_list":{"0":"post-137845","1":"product","2":"type-product","3":"status-publish","4":"has-post-thumbnail","6":"product_cat-clothes-footwear-lv","7":"product_cat-kopas","9":"first","10":"instock","11":"sale","12":"purchasable","13":"product-type-simple"},"acf":[],"_links":{"self":[{"href":"https:\/\/kingarms.ee\/lv\/wp-json\/wp\/v2\/product\/137845","targetHints":{"allow":["GET"]}}],"collection":[{"href":"https:\/\/kingarms.ee\/lv\/wp-json\/wp\/v2\/product"}],"about":[{"href":"https:\/\/kingarms.ee\/lv\/wp-json\/wp\/v2\/types\/product"}],"wp:featuredmedia":[{"embeddable":true,"href":"https:\/\/kingarms.ee\/lv\/wp-json\/wp\/v2\/media\/134328"}],"wp:attachment":[{"href":"https:\/\/kingarms.ee\/lv\/wp-json\/wp\/v2\/media?parent=137845"}],"wp:term":[{"taxonomy":"product_brand","embeddable":true,"href":"https:\/\/kingarms.ee\/lv\/wp-json\/wp\/v2\/product_brand?post=137845"},{"taxonomy":"product_cat","embeddable":true,"href":"https:\/\/kingarms.ee\/lv\/wp-json\/wp\/v2\/product_cat?post=137845"},{"taxonomy":"product_tag","embeddable":true,"href":"https:\/\/kingarms.ee\/lv\/wp-json\/wp\/v2\/product_tag?post=137845"}],"curies":[{"name":"wp","href":"https:\/\/api.w.org\/{rel}","templated":true}]}}