{"id":137849,"date":"2022-10-17T15:47:10","date_gmt":"2024-11-18T16:42:23","guid":{"rendered":"https:\/\/kingarms.ee\/product\/lietus-terps\/"},"modified":"2024-11-18T19:42:23","modified_gmt":"2024-11-18T16:42:23","slug":"lietpratejs","status":"publish","type":"product","link":"https:\/\/kingarms.ee\/lv\/product\/lietpratejs\/","title":{"rendered":"Lietus T\u0113rps"},"content":{"rendered":"","protected":false},"excerpt":{"rendered":"<p>Jaka ar slulptu r\u0101vejsl\u0113ndzeju un 2 nospieded pogas<br \/>\n2 Slautas G\u016b\u017eas Kabatas<br \/>\nSlauts Kapuci apkakl\u0113 ar Auklu un r\u0101vejsl\u0113dz\u0113ju<br \/>\nAizmugur\u0113ja ventil\u0101cija ar aci<br \/>\nVentil\u0101cija Acu Acus<br \/>\nNOSPIEDIET POGAS UZ PIEDURNES APAKSMALAS ANO<br \/>\nZivs uz viduk\u013ca<br \/>\nBIKSES AR ELASTEGU JOSTAS JOSLU<br \/>\n2 Slautas Spraugas Kabatas S\u0101nos<br \/>\nApak\u0161da\u013ca, Kas Regulaizamama P\u0113ze Nospieduma pog\u0101m<\/p>\n","protected":false},"featured_media":124743,"template":"","meta":{"_acf_changed":false},"product_brand":[],"product_cat":[1075,1073],"product_tag":[],"class_list":{"0":"post-137849","1":"product","2":"type-product","3":"status-publish","4":"has-post-thumbnail","6":"product_cat-clothes-footwear-lv","7":"product_cat-kopas","9":"first","10":"instock","11":"sale","12":"purchasable","13":"product-type-simple"},"acf":[],"_links":{"self":[{"href":"https:\/\/kingarms.ee\/lv\/wp-json\/wp\/v2\/product\/137849","targetHints":{"allow":["GET"]}}],"collection":[{"href":"https:\/\/kingarms.ee\/lv\/wp-json\/wp\/v2\/product"}],"about":[{"href":"https:\/\/kingarms.ee\/lv\/wp-json\/wp\/v2\/types\/product"}],"wp:featuredmedia":[{"embeddable":true,"href":"https:\/\/kingarms.ee\/lv\/wp-json\/wp\/v2\/media\/124743"}],"wp:attachment":[{"href":"https:\/\/kingarms.ee\/lv\/wp-json\/wp\/v2\/media?parent=137849"}],"wp:term":[{"taxonomy":"product_brand","embeddable":true,"href":"https:\/\/kingarms.ee\/lv\/wp-json\/wp\/v2\/product_brand?post=137849"},{"taxonomy":"product_cat","embeddable":true,"href":"https:\/\/kingarms.ee\/lv\/wp-json\/wp\/v2\/product_cat?post=137849"},{"taxonomy":"product_tag","embeddable":true,"href":"https:\/\/kingarms.ee\/lv\/wp-json\/wp\/v2\/product_tag?post=137849"}],"curies":[{"name":"wp","href":"https:\/\/api.w.org\/{rel}","templated":true}]}}