{"id":137873,"date":"2022-10-17T13:31:16","date_gmt":"2024-11-20T08:30:52","guid":{"rendered":"https:\/\/kingarms.ee\/product\/gulammaisa-taktiska-5\/"},"modified":"2024-11-20T11:30:52","modified_gmt":"2024-11-20T08:30:52","slug":"gulammaiss-taktika-5","status":"publish","type":"product","link":"https:\/\/kingarms.ee\/lv\/product\/gulammaiss-taktika-5\/","title":{"rendered":"Gu\u013cammaisa taktisk\u0101 5"},"content":{"rendered":"<p>Gu\u013cammaisa taktisk\u0101 5<\/p>\n<p><img loading=\"lazy\" decoding=\"async\" class=\"alignnone size-medium wp-image-63678\" src=\"https:\/\/kingarms.ee\/wp-content\/uploads\/2022\/10\/tactical-5-t5-magamiskott-oliivroheline-300x300.jpeg\" alt=\"\" width=\"300\" height=\"300\" srcset=\"https:\/\/kingarms.ee\/wp-content\/uploads\/2022\/10\/tactical-5-t5-magamiskott-oliivroheline-300x300.jpeg 300w, https:\/\/kingarms.ee\/wp-content\/uploads\/2022\/10\/tactical-5-t5-magamiskott-oliivroheline-150x150.jpeg 150w, https:\/\/kingarms.ee\/wp-content\/uploads\/2022\/10\/tactical-5-t5-magamiskott-oliivroheline-768x768.jpeg 768w, https:\/\/kingarms.ee\/wp-content\/uploads\/2022\/10\/tactical-5-t5-magamiskott-oliivroheline-500x500.jpeg 500w, https:\/\/kingarms.ee\/wp-content\/uploads\/2022\/10\/tactical-5-t5-magamiskott-oliivroheline.jpeg 800w\" sizes=\"auto, (max-width: 300px) 100vw, 300px\" \/><\/p>\n","protected":false},"excerpt":{"rendered":"<p>Materi\u0101ls: 100% neilons, Teflon\u00ae ar DuPont \u2122 v\u0101ku<br \/>\nIek\u0161\u0113jais materi\u0101ls: 100% Nalon, Teflon\u00ae ar DuPont \u2122 v\u0101ku<br \/>\nAizpild\u012bjums: 100% poliesters (Thermolite\u00ae, 300 g\/QM)<br \/>\nTransporta maiss: 100% neilons (Oksforda), poliot\u0101ns<\/p>\n<p>Izm\u0113ri: 230 x 80 (pleca augstums) cm<br \/>\nIesai\u0146ots: 43 x 28 cm<br \/>\nSvars: 2,150 g<br \/>\nMinim\u0101l\u0101 temperat\u016bra: -30 \u00b0 C<\/p>\n<p>&#8211; Teflon\u00ae p\u0101rseguma pamatne &#8211; atgr\u016b\u017e \u0161\u0137idrumus<br \/>\n-Thermolite-augst\u0101s tehnolo\u0123iju pild\u012bjums saglab\u0101 siltu, bet nav daudz svara<br \/>\n-2&#8211; virziena blo\u0137\u0113\u0161ana s\u0101nos<br \/>\n&#8211; kabatas iek\u0161pus\u0113<\/p>\n","protected":false},"featured_media":124373,"template":"","meta":{"_acf_changed":false},"product_brand":[],"product_cat":[1096],"product_tag":[],"class_list":{"0":"post-137873","1":"product","2":"type-product","3":"status-publish","4":"has-post-thumbnail","6":"product_cat-gulammaisi","8":"first","9":"onbackorder","10":"taxable","11":"shipping-taxable","12":"product-type-simple"},"acf":[],"_links":{"self":[{"href":"https:\/\/kingarms.ee\/lv\/wp-json\/wp\/v2\/product\/137873","targetHints":{"allow":["GET"]}}],"collection":[{"href":"https:\/\/kingarms.ee\/lv\/wp-json\/wp\/v2\/product"}],"about":[{"href":"https:\/\/kingarms.ee\/lv\/wp-json\/wp\/v2\/types\/product"}],"wp:featuredmedia":[{"embeddable":true,"href":"https:\/\/kingarms.ee\/lv\/wp-json\/wp\/v2\/media\/124373"}],"wp:attachment":[{"href":"https:\/\/kingarms.ee\/lv\/wp-json\/wp\/v2\/media?parent=137873"}],"wp:term":[{"taxonomy":"product_brand","embeddable":true,"href":"https:\/\/kingarms.ee\/lv\/wp-json\/wp\/v2\/product_brand?post=137873"},{"taxonomy":"product_cat","embeddable":true,"href":"https:\/\/kingarms.ee\/lv\/wp-json\/wp\/v2\/product_cat?post=137873"},{"taxonomy":"product_tag","embeddable":true,"href":"https:\/\/kingarms.ee\/lv\/wp-json\/wp\/v2\/product_tag?post=137873"}],"curies":[{"name":"wp","href":"https:\/\/api.w.org\/{rel}","templated":true}]}}