{"id":137877,"date":"2022-10-10T16:11:27","date_gmt":"2024-11-20T08:43:50","guid":{"rendered":"https:\/\/kingarms.ee\/product\/ziemas-cimdi-coldwork-m-pact-s-8-mechanix\/"},"modified":"2024-11-20T11:43:50","modified_gmt":"2024-11-20T08:43:50","slug":"ziemas-gloves-mechanix-collwork-m-pact-size-s-8","status":"publish","type":"product","link":"https:\/\/kingarms.ee\/lv\/product\/ziemas-gloves-mechanix-collwork-m-pact-size-s-8\/","title":{"rendered":"Ziemas cimdi Coldwork M-Pact S\/8 Mechanix"},"content":{"rendered":"","protected":false},"excerpt":{"rendered":"<p>Ziemas cimdi Coldwork M-Pact S\/8 Mechanix<\/p>\n<p>\u2022 Termoplastiskas gumijas (TPR) sl\u0113g\u0161ana<br \/>\n\u2022 Termoplastisk\u0101s gumijas (TPR) trieciena aizsardz\u012bba<br \/>\n\u2022 \u016adensiztur\u012bga softShell rokas aizmugure<br \/>\n\u2022 Lamin\u0113ta v\u0113ja barjera nodro\u0161ina kritisku v\u0113ja iztur\u012bbu<br \/>\n\u2022 C40 3m Thinsulate izol\u0101cija<br \/>\n\u2022 Divsl\u0101\u0146u iek\u0161\u0113jie pirkstu stiprin\u0101jumi<br \/>\n\u2022 D3O\u00ae palmu polster\u0113jums absorb\u0113 un izklied\u0113 augstas ietekmes ener\u0123iju<\/p>\n","protected":false},"featured_media":124326,"template":"","meta":{"_acf_changed":false},"product_brand":[],"product_cat":[1092],"product_tag":[],"class_list":{"0":"post-137877","1":"product","2":"type-product","3":"status-publish","4":"has-post-thumbnail","6":"product_cat-cimdi","8":"first","9":"instock","10":"sale","11":"purchasable","12":"product-type-simple"},"acf":[],"_links":{"self":[{"href":"https:\/\/kingarms.ee\/lv\/wp-json\/wp\/v2\/product\/137877","targetHints":{"allow":["GET"]}}],"collection":[{"href":"https:\/\/kingarms.ee\/lv\/wp-json\/wp\/v2\/product"}],"about":[{"href":"https:\/\/kingarms.ee\/lv\/wp-json\/wp\/v2\/types\/product"}],"wp:featuredmedia":[{"embeddable":true,"href":"https:\/\/kingarms.ee\/lv\/wp-json\/wp\/v2\/media\/124326"}],"wp:attachment":[{"href":"https:\/\/kingarms.ee\/lv\/wp-json\/wp\/v2\/media?parent=137877"}],"wp:term":[{"taxonomy":"product_brand","embeddable":true,"href":"https:\/\/kingarms.ee\/lv\/wp-json\/wp\/v2\/product_brand?post=137877"},{"taxonomy":"product_cat","embeddable":true,"href":"https:\/\/kingarms.ee\/lv\/wp-json\/wp\/v2\/product_cat?post=137877"},{"taxonomy":"product_tag","embeddable":true,"href":"https:\/\/kingarms.ee\/lv\/wp-json\/wp\/v2\/product_tag?post=137877"}],"curies":[{"name":"wp","href":"https:\/\/api.w.org\/{rel}","templated":true}]}}