{"id":137892,"date":"2022-10-10T16:11:27","date_gmt":"2024-11-20T09:33:47","guid":{"rendered":"https:\/\/kingarms.ee\/product\/ziemas-cimdu-sub20-realtree-xl-11-mechanix\/"},"modified":"2024-11-20T12:33:47","modified_gmt":"2024-11-20T09:33:47","slug":"ziemas-gloves-mechanix-sub20-realtree-size-xl-11","status":"publish","type":"product","link":"https:\/\/kingarms.ee\/lv\/product\/ziemas-gloves-mechanix-sub20-realtree-size-xl-11\/","title":{"rendered":"Ziemas cimdu sub20 Realtree XL\/11 Mechanix"},"content":{"rendered":"","protected":false},"excerpt":{"rendered":"<p>Ziemas cimdu sub20 Realtree XL\/11 Mechanix<\/p>\n<p>\u2022 Pagarin\u0101ta aproce ar \u0101\u0137a un cilpas plaukstas sl\u0113g\u0161anu<br \/>\n\u2022 smag\u0101 svara vilnas konstrukcija ar \u016bdens iztur\u012bgu m\u012bksto apvalka aizmuguri<br \/>\n\u2022 smag\u0101 svara vilnas konstrukcija ar \u016bdens iztur\u012bgu m\u012bksto apvalka aizmuguri<br \/>\n\u2022 Primaloft\u00ae zelta izol\u0101cija<br \/>\n\u2022 Rugged ARMORTEX\u00ae palma pretojas \u016bdenim<br \/>\n\u2022 sk\u0101rienekr\u0101na sp\u0113j\u012bgs r\u0101d\u012bt\u0101jpirksts<\/p>\n","protected":false},"featured_media":124329,"template":"","meta":{"_acf_changed":false},"product_brand":[],"product_cat":[1092],"product_tag":[],"class_list":{"0":"post-137892","1":"product","2":"type-product","3":"status-publish","4":"has-post-thumbnail","6":"product_cat-cimdi","8":"first","9":"instock","10":"sale","11":"purchasable","12":"product-type-simple"},"acf":[],"_links":{"self":[{"href":"https:\/\/kingarms.ee\/lv\/wp-json\/wp\/v2\/product\/137892","targetHints":{"allow":["GET"]}}],"collection":[{"href":"https:\/\/kingarms.ee\/lv\/wp-json\/wp\/v2\/product"}],"about":[{"href":"https:\/\/kingarms.ee\/lv\/wp-json\/wp\/v2\/types\/product"}],"wp:featuredmedia":[{"embeddable":true,"href":"https:\/\/kingarms.ee\/lv\/wp-json\/wp\/v2\/media\/124329"}],"wp:attachment":[{"href":"https:\/\/kingarms.ee\/lv\/wp-json\/wp\/v2\/media?parent=137892"}],"wp:term":[{"taxonomy":"product_brand","embeddable":true,"href":"https:\/\/kingarms.ee\/lv\/wp-json\/wp\/v2\/product_brand?post=137892"},{"taxonomy":"product_cat","embeddable":true,"href":"https:\/\/kingarms.ee\/lv\/wp-json\/wp\/v2\/product_cat?post=137892"},{"taxonomy":"product_tag","embeddable":true,"href":"https:\/\/kingarms.ee\/lv\/wp-json\/wp\/v2\/product_tag?post=137892"}],"curies":[{"name":"wp","href":"https:\/\/api.w.org\/{rel}","templated":true}]}}