{"id":137893,"date":"2022-10-10T15:26:45","date_gmt":"2024-11-20T09:48:17","guid":{"rendered":"https:\/\/kingarms.ee\/product\/t-a-s-l-serijas-vejs-emersongear\/"},"modified":"2024-11-20T12:48:17","modified_gmt":"2024-11-20T09:48:17","slug":"t-a-s-l-series-windlinder-m-emersongear","status":"publish","type":"product","link":"https:\/\/kingarms.ee\/lv\/product\/t-a-s-l-series-windlinder-m-emersongear\/","title":{"rendered":"T.A.S.L. S\u0113rijas v\u0113j\u0161 Emersongear"},"content":{"rendered":"","protected":false},"excerpt":{"rendered":"<p>T.A.S.L. S\u0113rijas v\u0113j\u0161 Emersongear<\/p>\n<p>V\u0113ja necaurlaid\u012bga un \u016bdensnecaurlaid\u012bga jaka T.A.S.L. S\u0113rijas v\u0113j\u0161<br \/>\nr\u0101v\u0113jsl\u0113dz\u0113js<br \/>\np\u0101rsega ar elast\u012bgu vadu<br \/>\nelpojo\u0161s audums zem rok\u0101m<br \/>\nRegul\u0113jama aproce ar velcro<br \/>\nRegul\u0113jama viduk\u013ca l\u012bnija ar elast\u012bgu vadu<br \/>\n\u0101\u0137is un cilpa ce\u013cam uz kreis\u0101s rokas<br \/>\nr\u0101v\u0113jsl\u0113dz\u0113ja aizv\u0113r\u0161an\u0101s kabata uz kr\u016bt\u012bm<\/p>\n","protected":false},"featured_media":134382,"template":"","meta":{"_acf_changed":false},"product_brand":[],"product_cat":[1071],"product_tag":[],"class_list":{"0":"post-137893","1":"product","2":"type-product","3":"status-publish","4":"has-post-thumbnail","6":"product_cat-apvalks","8":"first","9":"instock","10":"sale","11":"purchasable","12":"product-type-variable"},"acf":[],"_links":{"self":[{"href":"https:\/\/kingarms.ee\/lv\/wp-json\/wp\/v2\/product\/137893","targetHints":{"allow":["GET"]}}],"collection":[{"href":"https:\/\/kingarms.ee\/lv\/wp-json\/wp\/v2\/product"}],"about":[{"href":"https:\/\/kingarms.ee\/lv\/wp-json\/wp\/v2\/types\/product"}],"wp:featuredmedia":[{"embeddable":true,"href":"https:\/\/kingarms.ee\/lv\/wp-json\/wp\/v2\/media\/134382"}],"wp:attachment":[{"href":"https:\/\/kingarms.ee\/lv\/wp-json\/wp\/v2\/media?parent=137893"}],"wp:term":[{"taxonomy":"product_brand","embeddable":true,"href":"https:\/\/kingarms.ee\/lv\/wp-json\/wp\/v2\/product_brand?post=137893"},{"taxonomy":"product_cat","embeddable":true,"href":"https:\/\/kingarms.ee\/lv\/wp-json\/wp\/v2\/product_cat?post=137893"},{"taxonomy":"product_tag","embeddable":true,"href":"https:\/\/kingarms.ee\/lv\/wp-json\/wp\/v2\/product_tag?post=137893"}],"curies":[{"name":"wp","href":"https:\/\/api.w.org\/{rel}","templated":true}]}}