{"id":137899,"date":"2022-10-10T15:26:45","date_gmt":"2024-11-20T09:53:51","guid":{"rendered":"https:\/\/kingarms.ee\/product\/jaka-bruns-emersongear\/"},"modified":"2024-11-20T12:53:51","modified_gmt":"2024-11-20T09:53:51","slug":"jaka-bruna-l-emersongear","status":"publish","type":"product","link":"https:\/\/kingarms.ee\/lv\/product\/jaka-bruna-l-emersongear\/","title":{"rendered":"Jaka br\u016bns emersongear"},"content":{"rendered":"","protected":false},"excerpt":{"rendered":"<p>Jaka br\u016bns emersongear<\/p>\n<p>Vilnas iek\u0161\u0113j\u0101 jaka<br \/>\nv\u0113ja necaurlaid\u012bgs un \u016bdensnecaurlaid\u012bgs<br \/>\n100% poliesters<br \/>\nsl\u0113pts kapuce<br \/>\nr\u0101v\u0113jsl\u0113dz\u0113js<br \/>\n2 priek\u0161\u0113j\u0101s kabatas<br \/>\nVelcro id<br \/>\n1 aizmugur\u0113j\u0101 kabata ar dubultu r\u0101v\u0113jsl\u0113dz\u0113ju<br \/>\nkabata un velcro uz katras piedurknes<br \/>\nRegul\u0113jamas aproces<br \/>\nventil\u0101cijas r\u0101v\u0113jsl\u0113dz\u0113js katr\u0101 pus\u0113<br \/>\nliela izm\u0113ra<br \/>\nbr\u016bna kr\u0101sa<\/p>\n","protected":false},"featured_media":134372,"template":"","meta":{"_acf_changed":false},"product_brand":[],"product_cat":[1071],"product_tag":[],"class_list":{"0":"post-137899","1":"product","2":"type-product","3":"status-publish","4":"has-post-thumbnail","6":"product_cat-apvalks","8":"first","9":"instock","10":"sale","11":"purchasable","12":"product-type-variable"},"acf":[],"_links":{"self":[{"href":"https:\/\/kingarms.ee\/lv\/wp-json\/wp\/v2\/product\/137899","targetHints":{"allow":["GET"]}}],"collection":[{"href":"https:\/\/kingarms.ee\/lv\/wp-json\/wp\/v2\/product"}],"about":[{"href":"https:\/\/kingarms.ee\/lv\/wp-json\/wp\/v2\/types\/product"}],"wp:featuredmedia":[{"embeddable":true,"href":"https:\/\/kingarms.ee\/lv\/wp-json\/wp\/v2\/media\/134372"}],"wp:attachment":[{"href":"https:\/\/kingarms.ee\/lv\/wp-json\/wp\/v2\/media?parent=137899"}],"wp:term":[{"taxonomy":"product_brand","embeddable":true,"href":"https:\/\/kingarms.ee\/lv\/wp-json\/wp\/v2\/product_brand?post=137899"},{"taxonomy":"product_cat","embeddable":true,"href":"https:\/\/kingarms.ee\/lv\/wp-json\/wp\/v2\/product_cat?post=137899"},{"taxonomy":"product_tag","embeddable":true,"href":"https:\/\/kingarms.ee\/lv\/wp-json\/wp\/v2\/product_tag?post=137899"}],"curies":[{"name":"wp","href":"https:\/\/api.w.org\/{rel}","templated":true}]}}