{"id":137904,"date":"2022-10-10T15:26:45","date_gmt":"2024-11-20T09:58:47","guid":{"rendered":"https:\/\/kingarms.ee\/product\/jack-olive-drab-xl-emersongear\/"},"modified":"2024-11-20T12:58:47","modified_gmt":"2024-11-20T09:58:47","slug":"jaka-olive-drab-xl-emersongear","status":"publish","type":"product","link":"https:\/\/kingarms.ee\/lv\/product\/jaka-olive-drab-xl-emersongear\/","title":{"rendered":"Jack Olive Drab XL Emersongear"},"content":{"rendered":"","protected":false},"excerpt":{"rendered":"<p>Jack Olive Drab XL Emersongear<\/p>\n<p>Vilnas iek\u0161\u0113j\u0101 jaka<br \/>\nv\u0113ja necaurlaid\u012bgs un \u016bdensnecaurlaid\u012bgs<br \/>\n100% poliesters<br \/>\nsl\u0113pts kapuce<br \/>\nr\u0101v\u0113jsl\u0113dz\u0113js<br \/>\n2 priek\u0161\u0113j\u0101s kabatas<br \/>\nVelcro id<br \/>\n1 aizmugur\u0113j\u0101 kabata ar dubultu r\u0101v\u0113jsl\u0113dz\u0113ju<br \/>\nkabata un velcro uz katras piedurknes<br \/>\nRegul\u0113jamas aproces<br \/>\nventil\u0101cijas r\u0101v\u0113jsl\u0113dz\u0113js katr\u0101 pus\u0113<br \/>\nxxxl izm\u0113rs<br \/>\nol\u012bvu drab kr\u0101sa<\/p>\n","protected":false},"featured_media":134380,"template":"","meta":{"_acf_changed":false},"product_brand":[],"product_cat":[1071],"product_tag":[],"class_list":{"0":"post-137904","1":"product","2":"type-product","3":"status-publish","4":"has-post-thumbnail","6":"product_cat-apvalks","8":"first","9":"instock","10":"sale","11":"purchasable","12":"product-type-simple"},"acf":[],"_links":{"self":[{"href":"https:\/\/kingarms.ee\/lv\/wp-json\/wp\/v2\/product\/137904","targetHints":{"allow":["GET"]}}],"collection":[{"href":"https:\/\/kingarms.ee\/lv\/wp-json\/wp\/v2\/product"}],"about":[{"href":"https:\/\/kingarms.ee\/lv\/wp-json\/wp\/v2\/types\/product"}],"wp:featuredmedia":[{"embeddable":true,"href":"https:\/\/kingarms.ee\/lv\/wp-json\/wp\/v2\/media\/134380"}],"wp:attachment":[{"href":"https:\/\/kingarms.ee\/lv\/wp-json\/wp\/v2\/media?parent=137904"}],"wp:term":[{"taxonomy":"product_brand","embeddable":true,"href":"https:\/\/kingarms.ee\/lv\/wp-json\/wp\/v2\/product_brand?post=137904"},{"taxonomy":"product_cat","embeddable":true,"href":"https:\/\/kingarms.ee\/lv\/wp-json\/wp\/v2\/product_cat?post=137904"},{"taxonomy":"product_tag","embeddable":true,"href":"https:\/\/kingarms.ee\/lv\/wp-json\/wp\/v2\/product_tag?post=137904"}],"curies":[{"name":"wp","href":"https:\/\/api.w.org\/{rel}","templated":true}]}}