{"id":137906,"date":"2022-10-10T15:26:33","date_gmt":"2024-11-20T10:07:00","guid":{"rendered":"https:\/\/kingarms.ee\/product\/militarie-zabaki-multicam\/"},"modified":"2024-11-20T13:07:00","modified_gmt":"2024-11-20T10:07:00","slug":"militarie-zabaki-multikams","status":"publish","type":"product","link":"https:\/\/kingarms.ee\/lv\/product\/militarie-zabaki-multikams\/","title":{"rendered":"Milit\u0101rie z\u0101baki multicam"},"content":{"rendered":"","protected":false},"excerpt":{"rendered":"<p>\u0100das un tekstilizstr\u0101d\u0101jumu aug\u0161da\u013ca, tekstilizstr\u0101d\u0101jumu iek\u0161\u0113jais p\u0101rkl\u0101jums ar polster\u0113t\u0101m deta\u013c\u0101m, gumijas zole<br \/>\n7 caurumi sl\u0113g\u0161ana ar pastiprin\u0101t\u0101m cilp\u0101m<br \/>\ns\u0101nu r\u0101v\u0113jsl\u0113dz\u0113js ar velcro sl\u0113dzeni<br \/>\npastiprin\u0101ts pap\u0113dis<br \/>\nizm\u0113ri 41-46<\/p>\n","protected":false},"featured_media":124020,"template":"","meta":{"_acf_changed":false},"product_brand":[],"product_cat":[1072],"product_tag":[],"class_list":{"0":"post-137906","1":"product","2":"type-product","3":"status-publish","4":"has-post-thumbnail","6":"product_cat-zabaki","8":"first","9":"instock","10":"purchasable","11":"product-type-simple"},"acf":[],"_links":{"self":[{"href":"https:\/\/kingarms.ee\/lv\/wp-json\/wp\/v2\/product\/137906","targetHints":{"allow":["GET"]}}],"collection":[{"href":"https:\/\/kingarms.ee\/lv\/wp-json\/wp\/v2\/product"}],"about":[{"href":"https:\/\/kingarms.ee\/lv\/wp-json\/wp\/v2\/types\/product"}],"wp:featuredmedia":[{"embeddable":true,"href":"https:\/\/kingarms.ee\/lv\/wp-json\/wp\/v2\/media\/124020"}],"wp:attachment":[{"href":"https:\/\/kingarms.ee\/lv\/wp-json\/wp\/v2\/media?parent=137906"}],"wp:term":[{"taxonomy":"product_brand","embeddable":true,"href":"https:\/\/kingarms.ee\/lv\/wp-json\/wp\/v2\/product_brand?post=137906"},{"taxonomy":"product_cat","embeddable":true,"href":"https:\/\/kingarms.ee\/lv\/wp-json\/wp\/v2\/product_cat?post=137906"},{"taxonomy":"product_tag","embeddable":true,"href":"https:\/\/kingarms.ee\/lv\/wp-json\/wp\/v2\/product_tag?post=137906"}],"curies":[{"name":"wp","href":"https:\/\/api.w.org\/{rel}","templated":true}]}}