{"id":137908,"date":"2022-10-10T15:26:33","date_gmt":"2024-11-20T10:09:15","guid":{"rendered":"https:\/\/kingarms.ee\/product\/ghillie-kaujas-uzvalks-multicam\/"},"modified":"2024-11-20T13:09:15","modified_gmt":"2024-11-20T10:09:15","slug":"ghillie-combat-suit-multicam","status":"publish","type":"product","link":"https:\/\/kingarms.ee\/lv\/product\/ghillie-combat-suit-multicam\/","title":{"rendered":"Ghillie kaujas uzvalks multicam"},"content":{"rendered":"","protected":false},"excerpt":{"rendered":"<p>Ghillie kaujas uzvalks<br \/>\nMateri\u0101ls: neilons, viegls<br \/>\nsl\u0113g\u0161ana ar pog\u0101m aizmugur\u0113<br \/>\nmulticam camo<\/p>\n","protected":false},"featured_media":130823,"template":"","meta":{"_acf_changed":false},"product_brand":[],"product_cat":[1064],"product_tag":[],"class_list":{"0":"post-137908","1":"product","2":"type-product","3":"status-publish","4":"has-post-thumbnail","6":"product_cat-krasas-un-maskesana","8":"first","9":"instock","10":"sale","11":"purchasable","12":"product-type-simple"},"acf":[],"_links":{"self":[{"href":"https:\/\/kingarms.ee\/lv\/wp-json\/wp\/v2\/product\/137908","targetHints":{"allow":["GET"]}}],"collection":[{"href":"https:\/\/kingarms.ee\/lv\/wp-json\/wp\/v2\/product"}],"about":[{"href":"https:\/\/kingarms.ee\/lv\/wp-json\/wp\/v2\/types\/product"}],"wp:featuredmedia":[{"embeddable":true,"href":"https:\/\/kingarms.ee\/lv\/wp-json\/wp\/v2\/media\/130823"}],"wp:attachment":[{"href":"https:\/\/kingarms.ee\/lv\/wp-json\/wp\/v2\/media?parent=137908"}],"wp:term":[{"taxonomy":"product_brand","embeddable":true,"href":"https:\/\/kingarms.ee\/lv\/wp-json\/wp\/v2\/product_brand?post=137908"},{"taxonomy":"product_cat","embeddable":true,"href":"https:\/\/kingarms.ee\/lv\/wp-json\/wp\/v2\/product_cat?post=137908"},{"taxonomy":"product_tag","embeddable":true,"href":"https:\/\/kingarms.ee\/lv\/wp-json\/wp\/v2\/product_tag?post=137908"}],"curies":[{"name":"wp","href":"https:\/\/api.w.org\/{rel}","templated":true}]}}