{"id":137932,"date":"2022-10-10T15:26:33","date_gmt":"2024-11-20T10:40:57","guid":{"rendered":"https:\/\/kingarms.ee\/product\/darbibas-joma-32-mm-objektiva-talummaina-4x-tan-js-tactical\/"},"modified":"2024-11-20T13:40:57","modified_gmt":"2024-11-20T10:40:57","slug":"darbibas-joma-32mm-lens-zoom-4x-tan-j-tactical","status":"publish","type":"product","link":"https:\/\/kingarms.ee\/lv\/product\/darbibas-joma-32mm-lens-zoom-4x-tan-j-tactical\/","title":{"rendered":"Darb\u012bbas joma 32 mm objekt\u012bva t\u0101lummai\u0146a 4x tan js-tactical"},"content":{"rendered":"","protected":false},"excerpt":{"rendered":"<p>Darb\u012bbas joma 32 mm objekt\u012bva t\u0101lummai\u0146a 4x tan js-tactical<\/p>\n<p>32 mm objekt\u012bva darb\u012bbas joma<br \/>\nfiks\u0113ts t\u0101lummai\u0146a 4x<br \/>\n1 collas caurule<br \/>\nMil-Dot t\u012bkli\u0146\u0161<br \/>\nIek\u013cautie gredzeni aud\u0113ju slied\u0113m<br \/>\nRegul\u0113jama bauma un pac\u0113lums<br \/>\ngarums 229mm<br \/>\nSvars 330g<br \/>\niedeguma kr\u0101sa<br \/>\nmiglas pier\u0101d\u012bjums un \u0161oka pier\u0101d\u012bjums<\/p>\n","protected":false},"featured_media":124081,"template":"","meta":{"_acf_changed":false},"product_brand":[],"product_cat":[1067],"product_tag":[],"class_list":{"0":"post-137932","1":"product","2":"type-product","3":"status-publish","4":"has-post-thumbnail","6":"product_cat-skats","8":"first","9":"onbackorder","10":"product-type-simple"},"acf":[],"_links":{"self":[{"href":"https:\/\/kingarms.ee\/lv\/wp-json\/wp\/v2\/product\/137932","targetHints":{"allow":["GET"]}}],"collection":[{"href":"https:\/\/kingarms.ee\/lv\/wp-json\/wp\/v2\/product"}],"about":[{"href":"https:\/\/kingarms.ee\/lv\/wp-json\/wp\/v2\/types\/product"}],"wp:featuredmedia":[{"embeddable":true,"href":"https:\/\/kingarms.ee\/lv\/wp-json\/wp\/v2\/media\/124081"}],"wp:attachment":[{"href":"https:\/\/kingarms.ee\/lv\/wp-json\/wp\/v2\/media?parent=137932"}],"wp:term":[{"taxonomy":"product_brand","embeddable":true,"href":"https:\/\/kingarms.ee\/lv\/wp-json\/wp\/v2\/product_brand?post=137932"},{"taxonomy":"product_cat","embeddable":true,"href":"https:\/\/kingarms.ee\/lv\/wp-json\/wp\/v2\/product_cat?post=137932"},{"taxonomy":"product_tag","embeddable":true,"href":"https:\/\/kingarms.ee\/lv\/wp-json\/wp\/v2\/product_tag?post=137932"}],"curies":[{"name":"wp","href":"https:\/\/api.w.org\/{rel}","templated":true}]}}