{"id":137942,"date":"2022-10-10T15:26:23","date_gmt":"2024-11-20T10:54:58","guid":{"rendered":"https:\/\/kingarms.ee\/product\/saliktais-prieksgala-protex-40-55-lbs-rudens-camo-ekera\/"},"modified":"2024-11-20T13:54:58","modified_gmt":"2024-11-20T10:54:58","slug":"salikta-bow-olbaltumviela","status":"publish","type":"product","link":"https:\/\/kingarms.ee\/lv\/product\/salikta-bow-olbaltumviela\/","title":{"rendered":"Saliktais priek\u0161gala protex 40-55 lbs rudens camo ekera"},"content":{"rendered":"","protected":false},"excerpt":{"rendered":"<p>Saliktais priek\u0161gala protex 40-55 lbs rudens camo ekera<\/p>\n<p>Salikt\u0101 priek\u0161gala protex<br \/>\n40-55 m\u0101rci\u0146as<br \/>\nalum\u012bnija skriemelis<br \/>\nJauns st\u0101vvieta v\u012bt\u0146ots<br \/>\nintegr\u0113ta sa\u0137ere<br \/>\nrudens camo versija<\/p>\n","protected":false},"featured_media":124196,"template":"","meta":{"_acf_changed":false},"product_brand":[],"product_cat":[1018,1013],"product_tag":[],"class_list":{"0":"post-137942","1":"product","2":"type-product","3":"status-publish","4":"has-post-thumbnail","6":"product_cat-loki","7":"product_cat-loki-un-sen","9":"first","10":"instock","11":"sale","12":"purchasable","13":"product-type-simple"},"acf":[],"_links":{"self":[{"href":"https:\/\/kingarms.ee\/lv\/wp-json\/wp\/v2\/product\/137942","targetHints":{"allow":["GET"]}}],"collection":[{"href":"https:\/\/kingarms.ee\/lv\/wp-json\/wp\/v2\/product"}],"about":[{"href":"https:\/\/kingarms.ee\/lv\/wp-json\/wp\/v2\/types\/product"}],"wp:featuredmedia":[{"embeddable":true,"href":"https:\/\/kingarms.ee\/lv\/wp-json\/wp\/v2\/media\/124196"}],"wp:attachment":[{"href":"https:\/\/kingarms.ee\/lv\/wp-json\/wp\/v2\/media?parent=137942"}],"wp:term":[{"taxonomy":"product_brand","embeddable":true,"href":"https:\/\/kingarms.ee\/lv\/wp-json\/wp\/v2\/product_brand?post=137942"},{"taxonomy":"product_cat","embeddable":true,"href":"https:\/\/kingarms.ee\/lv\/wp-json\/wp\/v2\/product_cat?post=137942"},{"taxonomy":"product_tag","embeddable":true,"href":"https:\/\/kingarms.ee\/lv\/wp-json\/wp\/v2\/product_tag?post=137942"}],"curies":[{"name":"wp","href":"https:\/\/api.w.org\/{rel}","templated":true}]}}