{"id":137944,"date":"2022-10-10T15:26:23","date_gmt":"2024-11-20T10:57:18","guid":{"rendered":"https:\/\/kingarms.ee\/product\/saliktais-prieksgala-40-50-marcinas\/"},"modified":"2024-11-20T13:57:18","modified_gmt":"2024-11-20T10:57:18","slug":"salikta-bow-40-50-marcinas","status":"publish","type":"product","link":"https:\/\/kingarms.ee\/lv\/product\/salikta-bow-40-50-marcinas\/","title":{"rendered":"Saliktais priek\u0161gala 40-50 m\u0101rci\u0146as"},"content":{"rendered":"","protected":false},"excerpt":{"rendered":"<p>Saliktais priek\u0161gala 40-50 m\u0101rci\u0146as<\/p>\n<p>Piel\u0101gojams izlozes svars no 40 l\u012bdz 50 m\u0101rci\u0146\u0101m<br \/>\n\u0101trums 248-296FPS<br \/>\nviegls magnija sakaus\u0113juma st\u0101vvads<br \/>\nstiklplasta dubult\u0101s ekstremit\u0101tes<br \/>\nBik\u0161tura augstums 7-1\/4 collas<br \/>\nIzvelciet garumu 23-29,5 collas<br \/>\nIzm\u0113ri CM 105X30X8<br \/>\nSvars 1,7 kg<br \/>\nTikai lab\u0101s rokas<\/p>\n","protected":false},"featured_media":124192,"template":"","meta":{"_acf_changed":false},"product_brand":[],"product_cat":[1018,1013],"product_tag":[],"class_list":{"0":"post-137944","1":"product","2":"type-product","3":"status-publish","4":"has-post-thumbnail","6":"product_cat-loki","7":"product_cat-loki-un-sen","9":"first","10":"instock","11":"sale","12":"purchasable","13":"product-type-simple"},"acf":[],"_links":{"self":[{"href":"https:\/\/kingarms.ee\/lv\/wp-json\/wp\/v2\/product\/137944","targetHints":{"allow":["GET"]}}],"collection":[{"href":"https:\/\/kingarms.ee\/lv\/wp-json\/wp\/v2\/product"}],"about":[{"href":"https:\/\/kingarms.ee\/lv\/wp-json\/wp\/v2\/types\/product"}],"wp:featuredmedia":[{"embeddable":true,"href":"https:\/\/kingarms.ee\/lv\/wp-json\/wp\/v2\/media\/124192"}],"wp:attachment":[{"href":"https:\/\/kingarms.ee\/lv\/wp-json\/wp\/v2\/media?parent=137944"}],"wp:term":[{"taxonomy":"product_brand","embeddable":true,"href":"https:\/\/kingarms.ee\/lv\/wp-json\/wp\/v2\/product_brand?post=137944"},{"taxonomy":"product_cat","embeddable":true,"href":"https:\/\/kingarms.ee\/lv\/wp-json\/wp\/v2\/product_cat?post=137944"},{"taxonomy":"product_tag","embeddable":true,"href":"https:\/\/kingarms.ee\/lv\/wp-json\/wp\/v2\/product_tag?post=137944"}],"curies":[{"name":"wp","href":"https:\/\/api.w.org\/{rel}","templated":true}]}}