{"id":137959,"date":"2022-10-10T15:26:23","date_gmt":"2024-11-20T11:33:10","guid":{"rendered":"https:\/\/kingarms.ee\/product\/reflekss-sarkanais-punkts-melns-js-taktisks\/"},"modified":"2024-11-20T14:33:10","modified_gmt":"2024-11-20T11:33:10","slug":"refleksu-un-sarkanu-melnadains-js-taktisks","status":"publish","type":"product","link":"https:\/\/kingarms.ee\/lv\/product\/refleksu-un-sarkanu-melnadains-js-taktisks\/","title":{"rendered":"Reflekss sarkanais punkts melns js-taktisks"},"content":{"rendered":"","protected":false},"excerpt":{"rendered":"<p>Reflekss sarkanais punkts melns js-taktisks<\/p>\n<p>Reflekss sarkanais punkts<br \/>\nalum\u012bnija konstrukcija<br \/>\n4 mode\u013ca daudzraive<br \/>\nsarkana vai za\u013ca gaisma ar regul\u0113jamu intensit\u0101ti<br \/>\nRegul\u0113jama bauma un pac\u0113lums<br \/>\nuzst\u0101diet standarta 20 mm slied\u0113m<br \/>\ngarums 82mm<br \/>\nSvars 150g<\/p>\n","protected":false},"featured_media":124093,"template":"","meta":{"_acf_changed":false},"product_brand":[],"product_cat":[1067],"product_tag":[],"class_list":{"0":"post-137959","1":"product","2":"type-product","3":"status-publish","4":"has-post-thumbnail","6":"product_cat-skats","8":"first","9":"instock","10":"purchasable","11":"product-type-simple"},"acf":[],"_links":{"self":[{"href":"https:\/\/kingarms.ee\/lv\/wp-json\/wp\/v2\/product\/137959","targetHints":{"allow":["GET"]}}],"collection":[{"href":"https:\/\/kingarms.ee\/lv\/wp-json\/wp\/v2\/product"}],"about":[{"href":"https:\/\/kingarms.ee\/lv\/wp-json\/wp\/v2\/types\/product"}],"wp:featuredmedia":[{"embeddable":true,"href":"https:\/\/kingarms.ee\/lv\/wp-json\/wp\/v2\/media\/124093"}],"wp:attachment":[{"href":"https:\/\/kingarms.ee\/lv\/wp-json\/wp\/v2\/media?parent=137959"}],"wp:term":[{"taxonomy":"product_brand","embeddable":true,"href":"https:\/\/kingarms.ee\/lv\/wp-json\/wp\/v2\/product_brand?post=137959"},{"taxonomy":"product_cat","embeddable":true,"href":"https:\/\/kingarms.ee\/lv\/wp-json\/wp\/v2\/product_cat?post=137959"},{"taxonomy":"product_tag","embeddable":true,"href":"https:\/\/kingarms.ee\/lv\/wp-json\/wp\/v2\/product_tag?post=137959"}],"curies":[{"name":"wp","href":"https:\/\/api.w.org\/{rel}","templated":true}]}}