{"id":137967,"date":"2022-10-10T15:26:07","date_gmt":"2024-11-20T11:45:13","guid":{"rendered":"https:\/\/kingarms.ee\/product\/dekorativa-katana\/"},"modified":"2024-11-20T14:45:13","modified_gmt":"2024-11-20T11:45:13","slug":"dekorativa-katana-14-2","status":"publish","type":"product","link":"https:\/\/kingarms.ee\/lv\/product\/dekorativa-katana-14-2\/","title":{"rendered":"Dekorat\u012bv\u0101 Katana"},"content":{"rendered":"","protected":false},"excerpt":{"rendered":"<p>Dekorat\u012bv\u0101 katana<br \/>\nIedvesmojoties no Giyuu Tomioka katana<br \/>\nAnime s\u0113rija Mo Dao Zu Shi (d\u0113monisk\u0101s kultiv\u0113\u0161anas vecm\u0101mi\u0146a)<br \/>\noglek\u013ca t\u0113rauda asmens<br \/>\nMet\u0101la tsuba<br \/>\nkoka kraupis un sa\u0137ere<br \/>\nkop\u0113jais garums 960 mm (1030 mm ar \u0137abi)<br \/>\nasmens garums 680mm<br \/>\ntsuka garums 280mm<br \/>\nSvars 670G (900 g ar \u0137abi)<\/p>\n","protected":false},"featured_media":124298,"template":"","meta":{"_acf_changed":false},"product_brand":[],"product_cat":[1127],"product_tag":[],"class_list":{"0":"post-137967","1":"product","2":"type-product","3":"status-publish","4":"has-post-thumbnail","6":"product_cat-katana-tanto","8":"first","9":"instock","10":"purchasable","11":"product-type-simple"},"acf":[],"_links":{"self":[{"href":"https:\/\/kingarms.ee\/lv\/wp-json\/wp\/v2\/product\/137967","targetHints":{"allow":["GET"]}}],"collection":[{"href":"https:\/\/kingarms.ee\/lv\/wp-json\/wp\/v2\/product"}],"about":[{"href":"https:\/\/kingarms.ee\/lv\/wp-json\/wp\/v2\/types\/product"}],"wp:featuredmedia":[{"embeddable":true,"href":"https:\/\/kingarms.ee\/lv\/wp-json\/wp\/v2\/media\/124298"}],"wp:attachment":[{"href":"https:\/\/kingarms.ee\/lv\/wp-json\/wp\/v2\/media?parent=137967"}],"wp:term":[{"taxonomy":"product_brand","embeddable":true,"href":"https:\/\/kingarms.ee\/lv\/wp-json\/wp\/v2\/product_brand?post=137967"},{"taxonomy":"product_cat","embeddable":true,"href":"https:\/\/kingarms.ee\/lv\/wp-json\/wp\/v2\/product_cat?post=137967"},{"taxonomy":"product_tag","embeddable":true,"href":"https:\/\/kingarms.ee\/lv\/wp-json\/wp\/v2\/product_tag?post=137967"}],"curies":[{"name":"wp","href":"https:\/\/api.w.org\/{rel}","templated":true}]}}