{"id":137982,"date":"2022-10-10T15:26:07","date_gmt":"2024-11-20T12:11:57","guid":{"rendered":"https:\/\/kingarms.ee\/product\/mpls-uzlade-taktisko-kiveres-gaismas-nakts-evoluciju\/"},"modified":"2024-11-20T15:11:57","modified_gmt":"2024-11-20T12:11:57","slug":"mpls-ladina-taktiska-spirale-gaisma-nakts-evolucija","status":"publish","type":"product","link":"https:\/\/kingarms.ee\/lv\/product\/mpls-ladina-taktiska-spirale-gaisma-nakts-evolucija\/","title":{"rendered":"Mpls uzl\u0101d\u0113 taktisko \u0137iveres gaismas nakts evol\u016bciju"},"content":{"rendered":"","protected":false},"excerpt":{"rendered":"<p>Mpls uzl\u0101d\u0113 taktisko \u0137iveres gaismas nakts evol\u016bciju<\/p>\n<p>Taktisk\u0101 \u0137iveres gaisma<\/p>\n<p>Nakts evol\u016bcija airsoft mpls uzl\u0101d\u0113t taktisko \u0137iveres gaismu &#8211; melna<br \/>\nIzgatavots ar 360 gr\u0101du stiprin\u0101jumu, \u0137iveres gaisma no nakts evol\u016bcijas pal\u012bdz v\u0101j\u0101 apgaismojuma situ\u0101cij\u0101s, un t\u0101 piestiprin\u0101s uz Mi\u010da tipa \u0137iver\u0113m.<\/p>\n","protected":false},"featured_media":124228,"template":"","meta":{"_acf_changed":false},"product_brand":[],"product_cat":[1036],"product_tag":[],"class_list":{"0":"post-137982","1":"product","2":"type-product","3":"status-publish","4":"has-post-thumbnail","6":"product_cat-lukturi","8":"first","9":"instock","10":"purchasable","11":"product-type-simple"},"acf":[],"_links":{"self":[{"href":"https:\/\/kingarms.ee\/lv\/wp-json\/wp\/v2\/product\/137982","targetHints":{"allow":["GET"]}}],"collection":[{"href":"https:\/\/kingarms.ee\/lv\/wp-json\/wp\/v2\/product"}],"about":[{"href":"https:\/\/kingarms.ee\/lv\/wp-json\/wp\/v2\/types\/product"}],"wp:featuredmedia":[{"embeddable":true,"href":"https:\/\/kingarms.ee\/lv\/wp-json\/wp\/v2\/media\/124228"}],"wp:attachment":[{"href":"https:\/\/kingarms.ee\/lv\/wp-json\/wp\/v2\/media?parent=137982"}],"wp:term":[{"taxonomy":"product_brand","embeddable":true,"href":"https:\/\/kingarms.ee\/lv\/wp-json\/wp\/v2\/product_brand?post=137982"},{"taxonomy":"product_cat","embeddable":true,"href":"https:\/\/kingarms.ee\/lv\/wp-json\/wp\/v2\/product_cat?post=137982"},{"taxonomy":"product_tag","embeddable":true,"href":"https:\/\/kingarms.ee\/lv\/wp-json\/wp\/v2\/product_tag?post=137982"}],"curies":[{"name":"wp","href":"https:\/\/api.w.org\/{rel}","templated":true}]}}