{"id":137983,"date":"2022-10-10T15:26:07","date_gmt":"2024-11-20T12:14:18","guid":{"rendered":"https:\/\/kingarms.ee\/product\/dekorativa-katana\/"},"modified":"2024-11-20T15:14:18","modified_gmt":"2024-11-20T12:14:18","slug":"dekorativa-katla-29","status":"publish","type":"product","link":"https:\/\/kingarms.ee\/lv\/product\/dekorativa-katla-29\/","title":{"rendered":"Dekorat\u012bv\u0101 Katana"},"content":{"rendered":"","protected":false},"excerpt":{"rendered":"<p>Iedvesmojoties no Zil\u0101s eksorcistu anime s\u0113rijas Katana<br \/>\noglek\u013ca t\u0113rauda asmens<br \/>\nMet\u0101la tsuba<br \/>\nkoka tsuka un ka\u0161\u0137a<br \/>\nvisp\u0101r\u0113js garums 1070mm<br \/>\nasmens garums 675 mm<br \/>\ntsuka garums 280mm<\/p>\n","protected":false},"featured_media":124236,"template":"","meta":{"_acf_changed":false},"product_brand":[],"product_cat":[1127],"product_tag":[],"class_list":{"0":"post-137983","1":"product","2":"type-product","3":"status-publish","4":"has-post-thumbnail","6":"product_cat-katana-tanto","8":"first","9":"onbackorder","10":"product-type-simple"},"acf":[],"_links":{"self":[{"href":"https:\/\/kingarms.ee\/lv\/wp-json\/wp\/v2\/product\/137983","targetHints":{"allow":["GET"]}}],"collection":[{"href":"https:\/\/kingarms.ee\/lv\/wp-json\/wp\/v2\/product"}],"about":[{"href":"https:\/\/kingarms.ee\/lv\/wp-json\/wp\/v2\/types\/product"}],"wp:featuredmedia":[{"embeddable":true,"href":"https:\/\/kingarms.ee\/lv\/wp-json\/wp\/v2\/media\/124236"}],"wp:attachment":[{"href":"https:\/\/kingarms.ee\/lv\/wp-json\/wp\/v2\/media?parent=137983"}],"wp:term":[{"taxonomy":"product_brand","embeddable":true,"href":"https:\/\/kingarms.ee\/lv\/wp-json\/wp\/v2\/product_brand?post=137983"},{"taxonomy":"product_cat","embeddable":true,"href":"https:\/\/kingarms.ee\/lv\/wp-json\/wp\/v2\/product_cat?post=137983"},{"taxonomy":"product_tag","embeddable":true,"href":"https:\/\/kingarms.ee\/lv\/wp-json\/wp\/v2\/product_tag?post=137983"}],"curies":[{"name":"wp","href":"https:\/\/api.w.org\/{rel}","templated":true}]}}