{"id":137985,"date":"2022-10-05T17:07:11","date_gmt":"2024-11-20T12:24:06","guid":{"rendered":"https:\/\/kingarms.ee\/product\/ballistiska-kivere-atrs-nij-limenis-3a\/"},"modified":"2024-11-20T15:24:06","modified_gmt":"2024-11-20T12:24:06","slug":"ballistic-kiiver-fast-nij-level-3a-2","status":"publish","type":"product","link":"https:\/\/kingarms.ee\/lv\/product\/ballistic-kiiver-fast-nij-level-3a-2\/","title":{"rendered":"Ballistisk\u0101 \u0137ivere &#8211; \u0101trs NIJ l\u012bmenis 3A"},"content":{"rendered":"<p><img loading=\"lazy\" decoding=\"async\" class=\"alignnone size-medium wp-image-67578\" src=\"https:\/\/kingarms.ee\/wp-content\/uploads\/2022\/10\/Kelvar_Bulletproof_Helmet_GREEN_grande-300x300.jpeg\" alt=\"\" width=\"300\" height=\"300\" srcset=\"https:\/\/kingarms.ee\/wp-content\/uploads\/2022\/10\/Kelvar_Bulletproof_Helmet_GREEN_grande-300x300.jpeg 300w, https:\/\/kingarms.ee\/wp-content\/uploads\/2022\/10\/Kelvar_Bulletproof_Helmet_GREEN_grande-150x150.jpeg 150w, https:\/\/kingarms.ee\/wp-content\/uploads\/2022\/10\/Kelvar_Bulletproof_Helmet_GREEN_grande-500x500.jpeg 500w, https:\/\/kingarms.ee\/wp-content\/uploads\/2022\/10\/Kelvar_Bulletproof_Helmet_GREEN_grande.jpeg 600w\" sizes=\"auto, (max-width: 300px) 100vw, 300px\" \/><\/p>\n","protected":false},"excerpt":{"rendered":"<div>Ballistisk\u0101 \u0137ivere &#8211; \u0101trs NIJ l\u012bmenis 3A<\/div>\n<div class=\"cxmmr5t8 oygrvhab hcukyx3x c1et5uql o9v6fnle\">Bumbas necaurlaid\u012bga ballistisk\u0101 \u0137ivere (9 mm un .44 magnum).<\/div>\n<div class=\"cxmmr5t8 oygrvhab hcukyx3x c1et5uql o9v6fnle\">Materi\u0101ls: Kevlars<\/div>\n<div class=\"cxmmr5t8 oygrvhab hcukyx3x c1et5uql o9v6fnle\">BOA regulators<\/div>\n<div class=\"cxmmr5t8 oygrvhab hcukyx3x c1et5uql o9v6fnle\">\u0136iveres stils: \u0101trs<\/div>\n<div class=\"cxmmr5t8 oygrvhab hcukyx3x c1et5uql o9v6fnle\">Svars: 1,55 kg<\/div>\n<div class=\"cxmmr5t8 oygrvhab hcukyx3x c1et5uql o9v6fnle\">Standarti s\u0101nos un priek\u0161pus\u0113 piederumu piestiprin\u0101\u0161anai (lampa, nakts nov\u0113ro\u0161ana utt.).<\/div>\n","protected":false},"featured_media":125488,"template":"","meta":{"_acf_changed":false},"product_brand":[],"product_cat":[1097,1077,1080],"product_tag":[],"class_list":{"0":"post-137985","1":"product","2":"type-product","3":"status-publish","4":"has-post-thumbnail","6":"product_cat-ballistiska-aprikojums","7":"product_cat-ballistisks","8":"product_cat-kiveres","10":"first","11":"instock","12":"taxable","13":"shipping-taxable","14":"purchasable","15":"product-type-variable"},"acf":[],"_links":{"self":[{"href":"https:\/\/kingarms.ee\/lv\/wp-json\/wp\/v2\/product\/137985","targetHints":{"allow":["GET"]}}],"collection":[{"href":"https:\/\/kingarms.ee\/lv\/wp-json\/wp\/v2\/product"}],"about":[{"href":"https:\/\/kingarms.ee\/lv\/wp-json\/wp\/v2\/types\/product"}],"wp:featuredmedia":[{"embeddable":true,"href":"https:\/\/kingarms.ee\/lv\/wp-json\/wp\/v2\/media\/125488"}],"wp:attachment":[{"href":"https:\/\/kingarms.ee\/lv\/wp-json\/wp\/v2\/media?parent=137985"}],"wp:term":[{"taxonomy":"product_brand","embeddable":true,"href":"https:\/\/kingarms.ee\/lv\/wp-json\/wp\/v2\/product_brand?post=137985"},{"taxonomy":"product_cat","embeddable":true,"href":"https:\/\/kingarms.ee\/lv\/wp-json\/wp\/v2\/product_cat?post=137985"},{"taxonomy":"product_tag","embeddable":true,"href":"https:\/\/kingarms.ee\/lv\/wp-json\/wp\/v2\/product_tag?post=137985"}],"curies":[{"name":"wp","href":"https:\/\/api.w.org\/{rel}","templated":true}]}}