{"id":137993,"date":"2022-10-05T16:57:52","date_gmt":"2024-11-20T12:29:55","guid":{"rendered":"https:\/\/kingarms.ee\/product\/ballistiska-kivere-atrs-nij-limen-3a\/"},"modified":"2024-11-20T15:29:55","modified_gmt":"2024-11-20T12:29:55","slug":"ballistiska-kiiver-atra-nij-limena-3a","status":"publish","type":"product","link":"https:\/\/kingarms.ee\/lv\/product\/ballistiska-kiiver-atra-nij-limena-3a\/","title":{"rendered":"Ballistisk\u0101 \u0137ivere &#8211; Atrs nij limen 3a"},"content":{"rendered":"<p><img loading=\"lazy\" decoding=\"async\" class=\"alignnone size-medium wp-image-67582\" src=\"https:\/\/kingarms.ee\/wp-content\/uploads\/2022\/10\/ca-739C_1__30071-300x213.png\" alt=\"\" width=\"300\" height=\"213\" srcset=\"https:\/\/kingarms.ee\/wp-content\/uploads\/2022\/10\/ca-739C_1__30071-300x213.png 300w, https:\/\/kingarms.ee\/wp-content\/uploads\/2022\/10\/ca-739C_1__30071-1024x726.png 1024w, https:\/\/kingarms.ee\/wp-content\/uploads\/2022\/10\/ca-739C_1__30071-768x545.png 768w, https:\/\/kingarms.ee\/wp-content\/uploads\/2022\/10\/ca-739C_1__30071-500x355.png 500w, https:\/\/kingarms.ee\/wp-content\/uploads\/2022\/10\/ca-739C_1__30071-150x106.png 150w, https:\/\/kingarms.ee\/wp-content\/uploads\/2022\/10\/ca-739C_1__30071.png 1280w\" sizes=\"auto, (max-width: 300px) 100vw, 300px\" \/><\/p>\n","protected":false},"excerpt":{"rendered":"<div>Ballistisk\u0101 \u0137ivere &#8211; Atrs nij limen 3a<\/div>\n<div class=\"cxmmr5t8 oygrvhab hcukyx3x c1et5uql o9v6fnle\">Bumbas Necaurlaidja Ballistisk\u0101 \u0137ivere (9 mm un .44 magnum).<\/div>\n<div class=\"cxmmr5t8 oygrvhab hcukyx3x c1et5uql o9v6fnle\">Materials: Kevlars<\/div>\n<div class=\"cxmmr5t8 oygrvhab hcukyx3x c1et5uql o9v6fnle\">BOA past\u0101v\u012bgie darbinieki<\/div>\n<div class=\"cxmmr5t8 oygrvhab hcukyx3x c1et5uql o9v6fnle\">\u0136 Raugas STALS: \u0100TRI<\/div>\n<div class=\"cxmmr5t8 oygrvhab hcukyx3x c1et5uql o9v6fnle\">SVARS: 1,55 kg<\/div>\n<div class=\"cxmmr5t8 oygrvhab hcukyx3x c1et5uql o9v6fnle\">Standart S\u0101nos un priek\u0161pus\u0113 Piederumu piestiprin\u0101\u0161anai (lampa, nakts nov\u00e9r\u0161ana utt.).<\/div>\n","protected":false},"featured_media":125490,"template":"","meta":{"_acf_changed":false},"product_brand":[],"product_cat":[1097,1077,1080],"product_tag":[],"class_list":{"0":"post-137993","1":"product","2":"type-product","3":"status-publish","4":"has-post-thumbnail","6":"product_cat-ballistiska-aprikojums","7":"product_cat-ballistisks","8":"product_cat-kiveres","10":"first","11":"instock","12":"taxable","13":"shipping-taxable","14":"purchasable","15":"product-type-variable"},"acf":[],"_links":{"self":[{"href":"https:\/\/kingarms.ee\/lv\/wp-json\/wp\/v2\/product\/137993","targetHints":{"allow":["GET"]}}],"collection":[{"href":"https:\/\/kingarms.ee\/lv\/wp-json\/wp\/v2\/product"}],"about":[{"href":"https:\/\/kingarms.ee\/lv\/wp-json\/wp\/v2\/types\/product"}],"wp:featuredmedia":[{"embeddable":true,"href":"https:\/\/kingarms.ee\/lv\/wp-json\/wp\/v2\/media\/125490"}],"wp:attachment":[{"href":"https:\/\/kingarms.ee\/lv\/wp-json\/wp\/v2\/media?parent=137993"}],"wp:term":[{"taxonomy":"product_brand","embeddable":true,"href":"https:\/\/kingarms.ee\/lv\/wp-json\/wp\/v2\/product_brand?post=137993"},{"taxonomy":"product_cat","embeddable":true,"href":"https:\/\/kingarms.ee\/lv\/wp-json\/wp\/v2\/product_cat?post=137993"},{"taxonomy":"product_tag","embeddable":true,"href":"https:\/\/kingarms.ee\/lv\/wp-json\/wp\/v2\/product_tag?post=137993"}],"curies":[{"name":"wp","href":"https:\/\/api.w.org\/{rel}","templated":true}]}}