{"id":138001,"date":"2022-10-05T16:52:32","date_gmt":"2024-11-20T12:33:58","guid":{"rendered":"https:\/\/kingarms.ee\/product\/keramikas-flizes-sta-nij-4-limenis\/"},"modified":"2024-11-20T15:33:58","modified_gmt":"2024-11-20T12:33:58","slug":"keramikas-plaksne-sta-nij-lle-4","status":"publish","type":"product","link":"https:\/\/kingarms.ee\/lv\/product\/keramikas-plaksne-sta-nij-lle-4\/","title":{"rendered":"Keramikas fl\u012bzes &#8211; Sta Nij 4. l\u012bmenis+"},"content":{"rendered":"<p><img loading=\"lazy\" decoding=\"async\" class=\"alignnone size-medium wp-image-62673\" src=\"https:\/\/kingarms.ee\/wp-content\/uploads\/2022\/10\/3840258454_w640_h640_broneplita-strike-face-1-300x300.jpeg\" alt=\"\" width=\"300\" height=\"300\" srcset=\"https:\/\/kingarms.ee\/wp-content\/uploads\/2022\/10\/3840258454_w640_h640_broneplita-strike-face-1-300x300.jpeg 300w, https:\/\/kingarms.ee\/wp-content\/uploads\/2022\/10\/3840258454_w640_h640_broneplita-strike-face-1-150x150.jpeg 150w, https:\/\/kingarms.ee\/wp-content\/uploads\/2022\/10\/3840258454_w640_h640_broneplita-strike-face-1-500x500.jpeg 500w, https:\/\/kingarms.ee\/wp-content\/uploads\/2022\/10\/3840258454_w640_h640_broneplita-strike-face-1.jpeg 700w\" sizes=\"auto, (max-width: 300px) 100vw, 300px\" \/><\/p>\n","protected":false},"excerpt":{"rendered":"<div>Keramikas fl\u012bzes &#8211; Sta Nij 4. l\u012bmenis+<\/div>\n<div><\/div>\n<div class=\"cxmmr5t8 oygrvhab hcukyx3x c1et5uql o9v6fnle\">Ballistisk\u0101\/lodes necaurlaid\u012bga ICW NIJ 4. l\u012bme\u0146a pl\u0101ksne &#8211; keramika;<\/div>\n<div class=\"cxmmr5t8 oygrvhab hcukyx3x c1et5uql o9v6fnle\">\n<p>ICW d\u0113\u013ci j\u0101valk\u0101 tikai ar vesti, kur\u0101 jau ir m\u012bksta 3A m\u012bkstas pl\u0101ksnes pl\u0101ksne (piem\u0113ram, Kevlar).<\/p>\n<p>Pl\u0101ksnes izm\u0113ri: 250x300mm;<br \/>\nPl\u0101ksnes biezums: 16 mm;<br \/>\nSvars: 2,2 kg<\/p>\n<p>Aizsardz\u012bba:<\/p>\n<p>.22LR\/380\/9mm<br \/>\n.40\/.45ACP\/.357MAG<br \/>\n357Sig\/.44mag<br \/>\n7,62 \u00d7 39\/7,62 \u00d7 51\/5,56<\/p>\n<\/div>\n<div class=\"cxmmr5t8 oygrvhab hcukyx3x c1et5uql o9v6fnle\">Produktu z\u012bmols: Armory Igaunija<\/div>\n","protected":false},"featured_media":123886,"template":"","meta":{"_acf_changed":false},"product_brand":[],"product_cat":[1097],"product_tag":[],"class_list":{"0":"post-138001","1":"product","2":"type-product","3":"status-publish","4":"has-post-thumbnail","6":"product_cat-ballistiska-aprikojums","8":"first","9":"onbackorder","10":"taxable","11":"shipping-taxable","12":"product-type-simple"},"acf":[],"_links":{"self":[{"href":"https:\/\/kingarms.ee\/lv\/wp-json\/wp\/v2\/product\/138001","targetHints":{"allow":["GET"]}}],"collection":[{"href":"https:\/\/kingarms.ee\/lv\/wp-json\/wp\/v2\/product"}],"about":[{"href":"https:\/\/kingarms.ee\/lv\/wp-json\/wp\/v2\/types\/product"}],"wp:featuredmedia":[{"embeddable":true,"href":"https:\/\/kingarms.ee\/lv\/wp-json\/wp\/v2\/media\/123886"}],"wp:attachment":[{"href":"https:\/\/kingarms.ee\/lv\/wp-json\/wp\/v2\/media?parent=138001"}],"wp:term":[{"taxonomy":"product_brand","embeddable":true,"href":"https:\/\/kingarms.ee\/lv\/wp-json\/wp\/v2\/product_brand?post=138001"},{"taxonomy":"product_cat","embeddable":true,"href":"https:\/\/kingarms.ee\/lv\/wp-json\/wp\/v2\/product_cat?post=138001"},{"taxonomy":"product_tag","embeddable":true,"href":"https:\/\/kingarms.ee\/lv\/wp-json\/wp\/v2\/product_tag?post=138001"}],"curies":[{"name":"wp","href":"https:\/\/api.w.org\/{rel}","templated":true}]}}