{"id":138003,"date":"2022-10-05T16:31:59","date_gmt":"2024-11-20T12:37:30","guid":{"rendered":"https:\/\/kingarms.ee\/product\/plaksne-sta-nij-3-limenis\/"},"modified":"2024-11-20T15:37:30","modified_gmt":"2024-11-20T12:37:30","slug":"plate-sta-nij-limenis-3","status":"publish","type":"product","link":"https:\/\/kingarms.ee\/lv\/product\/plate-sta-nij-limenis-3\/","title":{"rendered":"Pl\u0101ksne &#8211; Sta Nij 3. l\u012bmenis+"},"content":{"rendered":"<p><img loading=\"lazy\" decoding=\"async\" class=\"alignnone size-medium wp-image-62664\" src=\"https:\/\/kingarms.ee\/wp-content\/uploads\/2022\/10\/3840258454_w640_h640_broneplita-strike-face-300x300.jpeg\" alt=\"\" width=\"300\" height=\"300\" srcset=\"https:\/\/kingarms.ee\/wp-content\/uploads\/2022\/10\/3840258454_w640_h640_broneplita-strike-face-300x300.jpeg 300w, https:\/\/kingarms.ee\/wp-content\/uploads\/2022\/10\/3840258454_w640_h640_broneplita-strike-face-150x150.jpeg 150w, https:\/\/kingarms.ee\/wp-content\/uploads\/2022\/10\/3840258454_w640_h640_broneplita-strike-face-500x500.jpeg 500w, https:\/\/kingarms.ee\/wp-content\/uploads\/2022\/10\/3840258454_w640_h640_broneplita-strike-face.jpeg 700w\" sizes=\"auto, (max-width: 300px) 100vw, 300px\" \/><\/p>\n","protected":false},"excerpt":{"rendered":"<div class=\"cxmmr5t8 oygrvhab hcukyx3x c1et5uql o9v6fnle\">Pl\u0101ksne &#8211; Sta Nij 3. l\u012bmenis+<\/div>\n<div class=\"cxmmr5t8 oygrvhab hcukyx3x c1et5uql o9v6fnle\">\n<p>STA fl\u012bzes var izmantot atsevi\u0161\u0137i, un m\u012bkstas, SO saukt\u0101s 3A pl\u0101ksnes esam\u012bba vest\u0113 nav nepiecie\u0161ama.<\/p>\n<p>Aizsardz\u012bba:<\/p>\n<p>.22LR\/380\/9mm<br \/>\n.40\/.45ACP\/.357MAG<br \/>\n357Sig\/.44mag<br \/>\n7,62 \u00d7 39\/7,62 \u00d7 51\/5,56<\/p>\n<p>Materi\u0101ls: uhmwpe;<br \/>\nPl\u0101ksnes izm\u0113ri: 25x30cm;<br \/>\nPl\u0101ksnes aizsarg\u0101jo\u0161ais laukums: 25x30cm;<br \/>\nPl\u0101ksnes biezums: 22 mm;<br \/>\nSvars: 1,4 kg<\/p>\n<\/div>\n<div class=\"cxmmr5t8 oygrvhab hcukyx3x c1et5uql o9v6fnle\">Produktu Z\u012bmols: Armory Newser<\/div>\n","protected":false},"featured_media":123882,"template":"","meta":{"_acf_changed":false},"product_brand":[],"product_cat":[1097],"product_tag":[],"class_list":{"0":"post-138003","1":"product","2":"type-product","3":"status-publish","4":"has-post-thumbnail","6":"product_cat-ballistiska-aprikojums","8":"first","9":"instock","10":"taxable","11":"shipping-taxable","12":"purchasable","13":"product-type-simple"},"acf":[],"_links":{"self":[{"href":"https:\/\/kingarms.ee\/lv\/wp-json\/wp\/v2\/product\/138003","targetHints":{"allow":["GET"]}}],"collection":[{"href":"https:\/\/kingarms.ee\/lv\/wp-json\/wp\/v2\/product"}],"about":[{"href":"https:\/\/kingarms.ee\/lv\/wp-json\/wp\/v2\/types\/product"}],"wp:featuredmedia":[{"embeddable":true,"href":"https:\/\/kingarms.ee\/lv\/wp-json\/wp\/v2\/media\/123882"}],"wp:attachment":[{"href":"https:\/\/kingarms.ee\/lv\/wp-json\/wp\/v2\/media?parent=138003"}],"wp:term":[{"taxonomy":"product_brand","embeddable":true,"href":"https:\/\/kingarms.ee\/lv\/wp-json\/wp\/v2\/product_brand?post=138003"},{"taxonomy":"product_cat","embeddable":true,"href":"https:\/\/kingarms.ee\/lv\/wp-json\/wp\/v2\/product_cat?post=138003"},{"taxonomy":"product_tag","embeddable":true,"href":"https:\/\/kingarms.ee\/lv\/wp-json\/wp\/v2\/product_tag?post=138003"}],"curies":[{"name":"wp","href":"https:\/\/api.w.org\/{rel}","templated":true}]}}