{"id":138007,"date":"2022-10-03T16:15:30","date_gmt":"2024-11-20T12:45:40","guid":{"rendered":"https:\/\/kingarms.ee\/product\/bushsharp-naza-asinamais-sarkans-tinder-mala\/"},"modified":"2024-11-20T15:45:40","modified_gmt":"2024-11-20T12:45:40","slug":"bushsharp-nazis-ass-sarkanais-tinder-the-mala","status":"publish","type":"product","link":"https:\/\/kingarms.ee\/lv\/product\/bushsharp-nazis-ass-sarkanais-tinder-the-mala\/","title":{"rendered":"Bushsharp naza asin\u0101mais sarkans + tinder mala"},"content":{"rendered":"","protected":false},"excerpt":{"rendered":"<p>Bushsharp nazis asin\u0101t\u0101ja sarkans + tinder the malu Edge Bu\u0161sharps ir daudzfunkcion\u0101ls t\u016bristu asin\u0101mais, kas, pateicoties t\u0101 paroc\u012bgajam izm\u0113ram, b\u016bs ide\u0101ls k\u0101 papildin\u0101jums katra \u0101ra un izdz\u012bvo\u0161anas entuziastam EDC komplektam. Asin\u0101t\u0101js viegli iederas jebkur\u0101 kabat\u0101, ir viegla polim\u0113ra konstrukcija un caurums virv\u0113m vai atsl\u0113gas gredzenam. Edge Bushsharp asin\u0101mais izce\u013cas ar t\u0101 daudzpus\u012bbu. Ar vienu kabatas asin\u0101t\u0101ju m\u0113s varam asin\u0101t na\u017eus ar gludu un sakr\u0101tu asmeni, \u0161\u0137\u0113r\u0113m, mak\u0161\u0137er\u0113\u0161anas \u0101\u0137iem un med\u012bbu na\u017eiem ar \u0101do\u0161u \u0101\u0137i. Neskatoties uz mazo izm\u0113ru, asin\u0101t\u0101jam ir 3 asin\u0101\u0161anas zonas.<\/p>\n","protected":false},"featured_media":123604,"template":"","meta":{"_acf_changed":false},"product_brand":[],"product_cat":[1115],"product_tag":[],"class_list":{"0":"post-138007","1":"product","2":"type-product","3":"status-publish","4":"has-post-thumbnail","6":"product_cat-nazi-atzarosanas-zagis","8":"first","9":"instock","10":"purchasable","11":"product-type-simple"},"acf":[],"_links":{"self":[{"href":"https:\/\/kingarms.ee\/lv\/wp-json\/wp\/v2\/product\/138007","targetHints":{"allow":["GET"]}}],"collection":[{"href":"https:\/\/kingarms.ee\/lv\/wp-json\/wp\/v2\/product"}],"about":[{"href":"https:\/\/kingarms.ee\/lv\/wp-json\/wp\/v2\/types\/product"}],"wp:featuredmedia":[{"embeddable":true,"href":"https:\/\/kingarms.ee\/lv\/wp-json\/wp\/v2\/media\/123604"}],"wp:attachment":[{"href":"https:\/\/kingarms.ee\/lv\/wp-json\/wp\/v2\/media?parent=138007"}],"wp:term":[{"taxonomy":"product_brand","embeddable":true,"href":"https:\/\/kingarms.ee\/lv\/wp-json\/wp\/v2\/product_brand?post=138007"},{"taxonomy":"product_cat","embeddable":true,"href":"https:\/\/kingarms.ee\/lv\/wp-json\/wp\/v2\/product_cat?post=138007"},{"taxonomy":"product_tag","embeddable":true,"href":"https:\/\/kingarms.ee\/lv\/wp-json\/wp\/v2\/product_tag?post=138007"}],"curies":[{"name":"wp","href":"https:\/\/api.w.org\/{rel}","templated":true}]}}